{"id":3,"date":"2019-09-05T08:43:55","date_gmt":"2019-09-05T08:43:55","guid":{"rendered":"http:\/\/www.tkt-seancesscolaires.be\/?p=3"},"modified":"2025-10-28T12:24:28","modified_gmt":"2025-10-28T12:24:28","slug":"liens-contacts-utiles","status":"publish","type":"page","link":"https:\/\/seancesscolaires.be\/unmondemerveilleux\/liens-contacts-utiles\/","title":{"rendered":"Liens et contacts utiles"},"content":{"rendered":"<h1>Liens utiles &amp; La Presse en parle<\/h1>\n<h2>Contacts et liens utiles<\/h2>\n<ul>\n<li>\n<h3>AI 4 Belgium <\/h3>\n<p>(initiative nationale pour l\u2019IA, ressources et actualit\u00e9s)<\/p>\n<div>\n<p><a href=\"https:\/\/ai4belgium.be\" target=\"_blank\" rel=\"noopener\">https:\/\/ai4belgium.be<\/a><\/p>\n<\/div>\n<\/li>\n<li>\n<h3>Digital Belgium Skills Fund <\/h3>\n<p>(soutien \u00e0 l\u2019\u00e9ducation num\u00e9rique)<\/p>\n<div>\n<p><a href=\"https:\/\/digitalbelgium.be\/\" target=\"_blank\" rel=\"noopener\">https:\/\/digitalbelgium.be<\/a><\/p>\n<\/div>\n<\/li>\n<li>\n<h3>F\u00e9d\u00e9ration Wallonie-Bruxelles \u2013 Num\u00e9rique \u00e9ducatif <\/h3>\n<p>(ressources officielles pour enseignants)<\/p>\n<div>\n<p><a href=\"https:\/\/enseignement.be\" target=\"_blank\" rel=\"noopener\">https:\/\/enseignement.be<\/a><\/p>\n<\/div>\n<\/li>\n<li>\n<h3>Informatique pour Tous (UCLouvain) <\/h3>\n<p>(initiatives \u00e9ducatives autour de l\u2019informatique et de l\u2019IA)<\/p>\n<div>\n<p><a href=\"https:\/\/uclouvain.be\/fr\/decouvrir\/informatique-pour-tous.html\" target=\"_blank\" rel=\"noopener\">https:\/\/uclouvain.be\/fr\/decouvrir\/informatique-pour-tous.html<\/a><\/p>\n<\/div>\n<\/li>\n<li>\n<h3>Agoria<\/h3>\n<p>(f\u00e9d\u00e9ration technologique belge, publications sur l\u2019IA et l\u2019\u00e9ducation)<\/p>\n<div>\n<p><a href=\"https:\/\/www.agoria.be\/\" target=\"_blank\" rel=\"noopener\">https:\/\/www.agoria.be<\/a><\/p>\n<\/div>\n<\/li>\n<\/ul>\n<h2>La presse en parle<\/h2>\n<ul>\n<li>\n<h3>RTBF<\/h3>\n<p>22.09.25<\/p>\n<div>\n<p><a href=\"https:\/\/enseignement.be\" target=\"_blank\" rel=\"noopener\"><\/a><a href=\"https:\/\/seancesscolaires.be\/unmondemerveilleux\/wp-content\/uploads\/2025\/10\/UN_MONDE_MERVEILLEUX_rtbf.pdf\" target=\"_blank\" rel=\"noopener\">Lire l&#8217;article<\/a><\/p>\n<\/div>\n<\/li>\n<li>\n<h3>Surimpression<\/h3>\n<p>22.09.25<\/p>\n<div>\n<p><a href=\"https:\/\/seancesscolaires.be\/unmondemerveilleux\/wp-content\/uploads\/2025\/10\/UN_MONDE_MERVEILLEUX_surimpressions.pdf\" target=\"_blank\" rel=\"noopener\">Lire l&#8217;article<\/a><\/p>\n<\/div>\n<\/li>\n<li>\n<h3>Femmes d&#8217;Aujourd&#8217;hui<\/h3>\n<p>17.09.25<\/p>\n<div>\n<p><a href=\"https:\/\/seancesscolaires.be\/unmondemerveilleux\/wp-content\/uploads\/2025\/10\/UN_MONDE_MERVEILLEUX_femmes.pdf\" data-wplink-url-error=\"true\" target=\"_blank\" rel=\"noopener\">Lire l&#8217;article<\/a><\/p>\n<\/div>\n<\/li>\n<li>\n<h3>Mister Emma<\/h3>\n<p>04.09.25<\/p>\n<div>\n<p><a href=\"https:\/\/seancesscolaires.be\/unmondemerveilleux\/wp-content\/uploads\/2025\/10\/UN_MONDE_MERVEILLEUX_mister_emma.pdf\" data-wplink-url-error=\"true\" target=\"_blank\" rel=\"noopener\">Lire l&#8217;article<\/a><\/p>\n<\/div>\n<\/li>\n<\/ul>\n<p><img decoding=\"async\" src=\"\/unmondemerveilleux\/wp-content\/uploads\/2025\/09\/unmondemerveilleux_photo8_portrait.jpg\" alt=\"\"><br \/>\n<img decoding=\"async\" src=\"\/unmondemerveilleux\/wp-content\/uploads\/2025\/09\/unmondemerveilleux_photo1_portraitjpg.jpg\" alt=\"\"><\/p>\n<h1>&#8220;Ce robot repr\u00e9sente aussi un oeil ext\u00e9rieur sur notre soci\u00e9t\u00e9, une sorte aussi de part<br \/>\nd\u2019enfance, d\u2019innocence. Il met les choses \u00e0 plat \u00e0 sa fa\u00e7on.&#8221;<\/h1>\n<ul>\n<li>\n<div>Giulio Callegari<\/div>\n<\/li>\n<li>\n<div>R\u00e9alisateur<\/div>\n<\/li>\n<\/ul>\n<ul>\n<li>\n<div>Giulio Callegari<\/div>\n<\/li>\n<li>\n<div>R\u00e9alisateur<\/div>\n<\/li>\n<\/ul>\n<p><img decoding=\"async\" src=\"\/unmondemerveilleux\/wp-content\/uploads\/2025\/09\/unmondemerveilleux_photo4_paysage.jpg\" alt=\"\"><br \/>\n<img decoding=\"async\" src=\"\/unmondemerveilleux\/wp-content\/uploads\/2025\/09\/unmondemerveilleux_photo5_portrait.jpg\" alt=\"\"><br \/>\n<img decoding=\"async\" src=\"\/unmondemerveilleux\/wp-content\/uploads\/2025\/09\/unmondemerveilleux_photo4_paysage.jpg\" alt=\"\"><\/p>\n<p><!--more--><br \/>\n<!-- {\"type\":\"layout\",\"children\":[{\"type\":\"section\",\"props\":{\"animation\":\"slide-bottom-small\",\"image_position\":\"center-center\",\"padding\":\"large\",\"padding_remove_bottom\":true,\"style\":\"default\",\"title_breakpoint\":\"xl\",\"title_position\":\"top-left\",\"title_rotation\":\"left\",\"vertical_align\":\"\",\"width\":\"\"},\"children\":[{\"type\":\"row\",\"props\":{\"width\":\"default\"},\"children\":[{\"type\":\"column\",\"props\":{\"image_position\":\"center-center\",\"position_sticky_breakpoint\":\"m\"},\"children\":[{\"type\":\"headline\",\"props\":{\"content\":\"Liens utiles &amp; La Presse en parle\",\"text_align\":\"center\",\"title_element\":\"h1\",\"title_style\":\"heading-medium\"},\"modified\":\"2021-08-23T12:54:01.320Z\"}]}]},{\"type\":\"row\",\"children\":[{\"type\":\"column\",\"props\":{\"image_position\":\"center-center\",\"position_sticky_breakpoint\":\"m\"},\"children\":[{\"type\":\"overlay-slider\",\"props\":{\"image_width\":\"640\",\"link_style\":\"default\",\"link_text\":\"Read more\",\"margin\":\"default\",\"meta_align\":\"below-title\",\"meta_element\":\"div\",\"meta_style\":\"text-meta\",\"nav\":\"\",\"nav_align\":\"center\",\"nav_below\":true,\"nav_breakpoint\":\"s\",\"nav_position\":\"bottom-center\",\"nav_position_margin\":\"medium\",\"overlay_mode\":\"cover\",\"overlay_position\":\"center\",\"overlay_transition\":\"fade\",\"show_content\":true,\"show_hover_image\":true,\"show_hover_video\":true,\"show_link\":true,\"show_meta\":true,\"show_title\":true,\"slidenav\":\"default\",\"slidenav_breakpoint\":\"s\",\"slidenav_margin\":\"medium\",\"slidenav_outside_breakpoint\":\"xl\",\"slider_autoplay\":true,\"slider_autoplay_pause\":true,\"slider_gap\":\"\",\"slider_width\":\"fixed\",\"slider_width_default\":\"1-1\",\"slider_width_medium\":\"1-4\",\"slider_width_small\":\"1-3\",\"status\":\"disabled\",\"text_align\":\"center\",\"title_element\":\"h3\",\"title_hover_style\":\"reset\"},\"children\":[{\"type\":\"overlay-slider_item\",\"props\":{\"image\":\"wp-content\\\/uploads\\\/2025\\\/09\\\/logo.jpg\"}},{\"type\":\"overlay-slider_item\",\"props\":{\"image\":\"wp-content\\\/uploads\\\/2025\\\/09\\\/logo.jpg\"}},{\"type\":\"overlay-slider_item\",\"props\":{\"image\":\"wp-content\\\/uploads\\\/2025\\\/09\\\/logo.jpg\"}},{\"type\":\"overlay-slider_item\",\"props\":{\"image\":\"wp-content\\\/uploads\\\/2025\\\/09\\\/logo.jpg\"}},{\"type\":\"overlay-slider_item\",\"props\":{\"image\":\"wp-content\\\/uploads\\\/2025\\\/09\\\/logo.jpg\"}},{\"type\":\"overlay-slider_item\",\"props\":{\"image\":\"wp-content\\\/uploads\\\/2025\\\/09\\\/logo.jpg\"}},{\"type\":\"overlay-slider_item\",\"props\":{\"image\":\"wp-content\\\/uploads\\\/2025\\\/09\\\/logo.jpg\"}}]}]}]},{\"type\":\"row\",\"children\":[{\"type\":\"column\",\"props\":{\"image_position\":\"center-center\",\"position_sticky_breakpoint\":\"m\"},\"children\":[{\"type\":\"headline\",\"props\":{\"animation\":\"none\",\"content\":\"Contacts et liens utiles\",\"title_element\":\"h2\"}},{\"type\":\"description_list\",\"props\":{\"column_breakpoint\":\"m\",\"layout\":\"stacked\",\"list_element\":\"ul\",\"list_style\":\"divider\",\"meta_align\":\"below-title\",\"meta_style\":\"text-meta\",\"show_content\":true,\"show_link\":true,\"show_meta\":true,\"show_title\":true,\"title_element\":\"div\",\"title_grid_column_gap\":\"small\",\"title_grid_row_gap\":\"small\",\"title_grid_width\":\"auto\",\"title_style\":\"text-lead\"},\"children\":[{\"type\":\"description_list_item\",\"props\":{\"content\":\"\n\n<p><a href=\\\"https:\\\/\\\/ai4belgium.be\\\" target=\\\"_blank\\\" rel=\\\"noopener\\\">https:\\\/\\\/ai4belgium.be<\\\/a><\\\/p>\",\"meta\":\"(initiative nationale pour l\\u2019IA, ressources et actualit\\u00e9s)\",\"title\":\"AI 4 Belgium \"}},{\"type\":\"description_list_item\",\"props\":{\"content\":\"\n\n<p><a href=\\\"https:\\\/\\\/digitalbelgium.be\\\/\\\" target=\\\"_blank\\\" rel=\\\"noopener\\\">https:\\\/\\\/digitalbelgium.be<\\\/a><\\\/p>\",\"meta\":\"(soutien \\u00e0 l\\u2019\\u00e9ducation num\\u00e9rique)\",\"title\":\"Digital Belgium Skills Fund \"}},{\"type\":\"description_list_item\",\"props\":{\"content\":\"\n\n<p><a href=\\\"https:\\\/\\\/enseignement.be\\\" target=\\\"_blank\\\" rel=\\\"noopener\\\">https:\\\/\\\/enseignement.be<\\\/a><\\\/p>\",\"meta\":\"(ressources officielles pour enseignants)\",\"title\":\"F\\u00e9d\\u00e9ration Wallonie-Bruxelles \\u2013 Num\\u00e9rique \\u00e9ducatif \"}},{\"type\":\"description_list_item\",\"props\":{\"content\":\"\n\n<p><a href=\\\"https:\\\/\\\/uclouvain.be\\\/fr\\\/decouvrir\\\/informatique-pour-tous.html\\\" target=\\\"_blank\\\" rel=\\\"noopener\\\">https:\\\/\\\/uclouvain.be\\\/fr\\\/decouvrir\\\/informatique-pour-tous.html<\\\/a><\\\/p>\",\"meta\":\"(initiatives \\u00e9ducatives autour de l\\u2019informatique et de l\\u2019IA)\",\"title\":\"Informatique pour Tous (UCLouvain) \"}},{\"type\":\"description_list_item\",\"props\":{\"content\":\"\n\n<p><a href=\\\"https:\\\/\\\/www.agoria.be\\\/\\\" target=\\\"_blank\\\" rel=\\\"noopener\\\">https:\\\/\\\/www.agoria.be<\\\/a><\\\/p>\",\"meta\":\"(f\\u00e9d\\u00e9ration technologique belge, publications sur l\\u2019IA et l\\u2019\\u00e9ducation)\",\"title\":\"Agoria\"}}]},{\"type\":\"headline\",\"props\":{\"animation\":\"none\",\"content\":\"Liens utiles\",\"margin\":\"large\",\"margin_remove_bottom\":true,\"status\":\"disabled\",\"title_element\":\"h2\"}},{\"type\":\"table\",\"props\":{\"animation\":\"none\",\"image_svg_color\":\"emphasis\",\"link_style\":\"primary\",\"link_target\":true,\"link_text\":\"Vers le site\",\"margin\":\"default\",\"meta_style\":\"text-meta\",\"show_content\":true,\"show_image\":true,\"show_link\":true,\"show_meta\":true,\"show_title\":true,\"status\":\"disabled\",\"table_justify\":true,\"table_order\":\"1\",\"table_responsive\":\"overflow\",\"table_style\":\"divider\",\"table_vertical_align\":true,\"table_width_content\":\"small\",\"table_width_meta\":\"shrink\",\"table_width_title\":\"\",\"title_style\":\"h5\"}}]}],\"props\":{\"width\":\"xsmall\"}},{\"type\":\"row\",\"children\":[{\"type\":\"column\",\"props\":{\"image_position\":\"center-center\",\"position_sticky_breakpoint\":\"m\"},\"children\":[{\"type\":\"headline\",\"props\":{\"animation\":\"none\",\"content\":\"La presse en parle\",\"title_element\":\"h2\"}},{\"type\":\"description_list\",\"props\":{\"column_breakpoint\":\"m\",\"layout\":\"stacked\",\"link_style\":\"muted\",\"list_element\":\"ul\",\"list_style\":\"divider\",\"meta_align\":\"below-title\",\"meta_style\":\"text-meta\",\"show_content\":true,\"show_link\":true,\"show_meta\":true,\"show_title\":true,\"title_element\":\"div\",\"title_grid_column_gap\":\"small\",\"title_grid_row_gap\":\"small\",\"title_grid_width\":\"auto\",\"title_style\":\"text-lead\"},\"children\":[{\"type\":\"description_list_item\",\"props\":{\"content\":\"\n\n<p><a href=\\\"https:\\\/\\\/enseignement.be\\\" target=\\\"_blank\\\" rel=\\\"noopener\\\"><\\\/a><a href=\\\"https:\\\/\\\/seancesscolaires.be\\\/unmondemerveilleux\\\/wp-content\\\/uploads\\\/2025\\\/10\\\/UN_MONDE_MERVEILLEUX_rtbf.pdf\\\" target=\\\"_blank\\\" rel=\\\"noopener\\\">Lire l'article<\\\/a><\\\/p>\",\"meta\":\"22.09.25\",\"title\":\"RTBF\"}},{\"type\":\"description_list_item\",\"props\":{\"content\":\"\n\n<p><a href=\\\"https:\\\/\\\/seancesscolaires.be\\\/unmondemerveilleux\\\/wp-content\\\/uploads\\\/2025\\\/10\\\/UN_MONDE_MERVEILLEUX_surimpressions.pdf\\\" target=\\\"_blank\\\" rel=\\\"noopener\\\">Lire l'article<\\\/a><\\\/p>\",\"link_target\":false,\"meta\":\"22.09.25\",\"title\":\"Surimpression\"}},{\"type\":\"description_list_item\",\"props\":{\"content\":\"\n\n<p><a href=\\\"https:\\\/\\\/seancesscolaires.be\\\/unmondemerveilleux\\\/wp-content\\\/uploads\\\/2025\\\/10\\\/UN_MONDE_MERVEILLEUX_femmes.pdf\\\" data-wplink-url-error=\\\"true\\\" target=\\\"_blank\\\" rel=\\\"noopener\\\">Lire l'article<\\\/a><\\\/p>\",\"link_target\":true,\"meta\":\"17.09.25\",\"title\":\"Femmes d'Aujourd'hui\"}},{\"type\":\"description_list_item\",\"props\":{\"content\":\"\n\n<p><a href=\\\"https:\\\/\\\/seancesscolaires.be\\\/unmondemerveilleux\\\/wp-content\\\/uploads\\\/2025\\\/10\\\/UN_MONDE_MERVEILLEUX_mister_emma.pdf\\\" data-wplink-url-error=\\\"true\\\" target=\\\"_blank\\\" rel=\\\"noopener\\\">Lire l'article<\\\/a><\\\/p>\",\"link_target\":false,\"meta\":\"04.09.25\",\"title\":\"Mister Emma\"}}]}]}],\"props\":{\"width\":\"xsmall\"}}],\"name\":\"Careers\"},{\"type\":\"section\",\"props\":{\"image_position\":\"center-center\",\"style\":\"default\",\"title_breakpoint\":\"xl\",\"title_position\":\"top-left\",\"title_rotation\":\"left\",\"vertical_align\":\"middle\",\"width\":\"default\"},\"children\":[{\"type\":\"row\",\"children\":[{\"type\":\"column\",\"props\":{\"image_position\":\"center-center\",\"position_sticky_breakpoint\":\"m\"}}]}]},{\"type\":\"section\",\"props\":{\"class\":\"uk-position-relative\",\"css\":\".el-section { background: #FFB391; }\",\"height\":\"viewport\",\"image\":\"wp-content\\\/uploads\\\/2025\\\/09\\\/unmondemerveilleux_photo7.jpg\",\"image_position\":\"center-center\",\"padding\":\"large\",\"preserve_color\":true,\"style\":\"default\",\"title_breakpoint\":\"l\",\"title_position\":\"center-right\",\"title_rotation\":\"left\",\"vertical_align\":\"middle\",\"width\":\"\"},\"children\":[{\"type\":\"row\",\"children\":[{\"type\":\"column\",\"props\":{\"css\":\".el-column > * { position: static; }\",\"image_position\":\"center-center\",\"position_sticky_breakpoint\":\"m\"},\"children\":[{\"type\":\"image\",\"props\":{\"css\":\".el-image { max-width: 21vw; }\",\"image\":\"wp-content\\\/uploads\\\/2025\\\/09\\\/unmondemerveilleux_photo8_portrait.jpg\",\"image_svg_color\":\"emphasis\",\"image_width\":\"430\",\"margin\":\"default\",\"position\":\"absolute\",\"position_bottom\":\"25vh\",\"position_left\":\"-20\",\"position_z_index\":\"2\",\"text_align\":\"left\",\"visibility\":\"s\"}},{\"type\":\"image\",\"props\":{\"animation\":\"parallax\",\"css\":\".el-image { max-width: 14vw; }\",\"image\":\"wp-content\\\/uploads\\\/2025\\\/09\\\/unmondemerveilleux_photo1_portraitjpg.jpg\",\"image_svg_color\":\"emphasis\",\"image_width\":\"280\",\"margin\":\"default\",\"parallax_easing\":\"1\",\"parallax_y\":\"-5vh,-20vh\",\"position\":\"absolute\",\"position_bottom\":\"0\",\"position_left\":\"12vw\",\"position_z_index\":\"1\",\"text_align\":\"left\",\"visibility\":\"s\"}}]}]},{\"type\":\"row\",\"props\":{\"width\":\"default\"},\"children\":[{\"type\":\"column\",\"props\":{\"html_element\":\"article\",\"image_position\":\"center-center\",\"position_sticky_breakpoint\":\"m\"},\"children\":[{\"type\":\"headline\",\"props\":{\"block_align\":\"center\",\"content\":\"\\\"Ce robot repr\\u00e9sente aussi un oeil ext\\u00e9rieur sur notre soci\\u00e9t\\u00e9, une sorte aussi de part\\nd\\u2019enfance, d\\u2019innocence. Il met les choses \\u00e0 plat \\u00e0 sa fa\\u00e7on.\\\"\",\"maxwidth\":\"xlarge\",\"text_align\":\"center\",\"title_element\":\"h1\"}},{\"type\":\"list\",\"props\":{\"column_breakpoint\":\"m\",\"image_align\":\"left\",\"image_svg_color\":\"emphasis\",\"image_vertical_align\":true,\"list_element\":\"ul\",\"list_horizontal_separator\":\"&emsp;\\u2014&emsp; \",\"list_type\":\"horizontal\",\"margin\":\"default\",\"position\":\"relative\",\"position_z_index\":\"3\",\"show_image\":true,\"show_link\":true,\"text_align\":\"center\",\"visibility\":\"hidden-m\"},\"children\":[{\"type\":\"list_item\",\"props\":{\"content\":\"Giulio Callegari\"}},{\"type\":\"list_item\",\"props\":{\"content\":\"R\\u00e9alisateur\"}}]},{\"type\":\"list\",\"props\":{\"column_breakpoint\":\"m\",\"image_align\":\"left\",\"image_svg_color\":\"emphasis\",\"image_vertical_align\":true,\"list_element\":\"ul\",\"list_horizontal_separator\":\"&emsp;\\u2014&emsp; \",\"list_type\":\"horizontal\",\"margin\":\"default\",\"margin_remove_top\":true,\"position\":\"relative\",\"position_z_index\":\"3\",\"show_image\":true,\"show_link\":true,\"text_align\":\"center\",\"visibility\":\"m\"},\"children\":[{\"type\":\"list_item\",\"props\":{\"content\":\"Giulio Callegari\"}},{\"type\":\"list_item\",\"props\":{\"content\":\"R\\u00e9alisateur\"}}]},{\"type\":\"image\",\"props\":{\"image\":\"wp-content\\\/uploads\\\/2025\\\/09\\\/unmondemerveilleux_photo4_paysage.jpg\",\"image_svg_color\":\"emphasis\",\"image_width\":\"610\",\"margin\":\"default\",\"position\":\"relative\",\"position_z_index\":\"3\",\"text_align\":\"center\",\"visibility\":\"hidden-s\"}}]}]},{\"type\":\"row\",\"children\":[{\"type\":\"column\",\"props\":{\"image_position\":\"center-center\",\"position_sticky_breakpoint\":\"m\"},\"children\":[{\"type\":\"image\",\"props\":{\"animation\":\"parallax\",\"css\":\".el-image { max-width: 21vw; }\",\"image\":\"wp-content\\\/uploads\\\/2025\\\/09\\\/unmondemerveilleux_photo5_portrait.jpg\",\"image_svg_color\":\"emphasis\",\"image_width\":\"430\",\"margin\":\"default\",\"parallax_easing\":\"1\",\"parallax_y\":\"10vh,-10vh\",\"position\":\"absolute\",\"position_bottom\":\"-10vh\",\"position_right\":\"-50\",\"text_align\":\"right\",\"visibility\":\"s\"}},{\"type\":\"image\",\"props\":{\"animation\":\"parallax\",\"css\":\".el-image { max-width: 16vw; }\",\"image\":\"wp-content\\\/uploads\\\/2025\\\/09\\\/unmondemerveilleux_photo4_paysage.jpg\",\"image_svg_color\":\"emphasis\",\"image_width\":\"320\",\"margin\":\"default\",\"parallax_easing\":\"1\",\"parallax_y\":\"10vh,-25vh\",\"position\":\"absolute\",\"position_bottom\":\"-18vh\",\"position_right\":\"12vw\",\"text_align\":\"right\",\"visibility\":\"s\"}}]}]}],\"name\":\"Mot du r\\u00e9alisateur\"}],\"version\":\"4.5.29\"} --><\/p>\n","protected":false},"excerpt":{"rendered":"<p>Liens utiles &amp; La Presse en parle Contacts et liens utiles AI 4 Belgium (initiative nationale pour l\u2019IA, ressources et actualit\u00e9s) https:\/\/ai4belgium.be Digital Belgium Skills Fund (soutien \u00e0 l\u2019\u00e9ducation num\u00e9rique) https:\/\/digitalbelgium.be F\u00e9d\u00e9ration Wallonie-Bruxelles \u2013 Num\u00e9rique \u00e9ducatif (ressources officielles pour enseignants) https:\/\/enseignement.be Informatique pour Tous (UCLouvain) (initiatives \u00e9ducatives autour de l\u2019informatique et de l\u2019IA) https:\/\/uclouvain.be\/fr\/decouvrir\/informatique-pour-tous.html Agoria [&hellip;]<\/p>\n","protected":false},"author":1,"featured_media":0,"parent":0,"menu_order":12,"comment_status":"open","ping_status":"closed","template":"","meta":{"_acf_changed":false,"footnotes":""},"class_list":["post-3","page","type-page","status-publish","hentry"],"acf":[],"_links":{"self":[{"href":"https:\/\/seancesscolaires.be\/unmondemerveilleux\/wp-json\/wp\/v2\/pages\/3","targetHints":{"allow":["GET"]}}],"collection":[{"href":"https:\/\/seancesscolaires.be\/unmondemerveilleux\/wp-json\/wp\/v2\/pages"}],"about":[{"href":"https:\/\/seancesscolaires.be\/unmondemerveilleux\/wp-json\/wp\/v2\/types\/page"}],"author":[{"embeddable":true,"href":"https:\/\/seancesscolaires.be\/unmondemerveilleux\/wp-json\/wp\/v2\/users\/1"}],"replies":[{"embeddable":true,"href":"https:\/\/seancesscolaires.be\/unmondemerveilleux\/wp-json\/wp\/v2\/comments?post=3"}],"version-history":[{"count":81,"href":"https:\/\/seancesscolaires.be\/unmondemerveilleux\/wp-json\/wp\/v2\/pages\/3\/revisions"}],"predecessor-version":[{"id":2892,"href":"https:\/\/seancesscolaires.be\/unmondemerveilleux\/wp-json\/wp\/v2\/pages\/3\/revisions\/2892"}],"wp:attachment":[{"href":"https:\/\/seancesscolaires.be\/unmondemerveilleux\/wp-json\/wp\/v2\/media?parent=3"}],"curies":[{"name":"wp","href":"https:\/\/api.w.org\/{rel}","templated":true}]}}