{"id":26,"date":"2021-08-23T12:46:59","date_gmt":"2021-08-23T12:46:59","guid":{"rendered":"http:\/\/www.tkt-seancesscolaires.be\/?p=26"},"modified":"2025-10-28T12:29:57","modified_gmt":"2025-10-28T12:29:57","slug":"dossier-presse","status":"publish","type":"page","link":"https:\/\/seancesscolaires.be\/unmondemerveilleux\/dossier-presse\/","title":{"rendered":"Dossier de presse"},"content":{"rendered":"<p><img decoding=\"async\" src=\"\/unmondemerveilleux\/wp-content\/uploads\/line-12.svg\" alt=\"\"><\/p>\n<h1>Dossier de presse<\/h1>\n<div>\n<\/p>\n<\/div>\n<ul>\n<li>\n<h2>Dossier de presse<\/h2>\n<p>PDF <\/p>\n<div>\n<\/p>\n<\/div>\n<p><a href=\"https:\/\/seancesscolaires.be\/unmondemerveilleux\/wp-content\/uploads\/2025\/09\/unmondemerveilleux_dossierdepresse.pdf\">T\u00e9l\u00e9charger<\/a><\/p>\n<\/li>\n<li>\n<h2>Affiche A4<\/h2>\n<p>JPEG<\/p>\n<div>\n<\/p>\n<\/div>\n<p><a href=\"https:\/\/seancesscolaires.be\/unmondemerveilleux\/wp-content\/uploads\/2025\/09\/unmondemerveilleux_A4-scaled.jpg\">T\u00e9l\u00e9charger<\/a><\/p>\n<\/li>\n<li>\n<p>        <img decoding=\"async\" src=\"https:\/\/seancesscolaires.be\/unmondemerveilleux\/wp-content\/uploads\/2025\/09\/unmondemerveilleux_photo1.jpg\" alt=\"\"><\/p>\n<h2>Photo<\/h2>\n<p><span class=\"uk-link-reset\">JPEG<\/span><\/p>\n<div>\n<p><a class=\"el-link uk-button uk-button-default\" href=\"https:\/\/seancesscolaires.be\/unmondemerveilleux\/wp-content\/uploads\/2025\/09\/unmondemerveilleux_photo1.jpg\" download=\"unmondemerveilleux_photo1.jpg\">T\u00e9l\u00e9charger<\/a><\/p>\n<\/div>\n<\/li>\n<li>\n<p>        <img decoding=\"async\" src=\"https:\/\/seancesscolaires.be\/unmondemerveilleux\/wp-content\/uploads\/2025\/09\/unmondemerveilleux_photo2.jpg\" alt=\"\"><\/p>\n<h2>Photo<\/h2>\n<p><span class=\"uk-link-reset\">JPEG<\/span><\/p>\n<div>\n<p><a class=\"el-link uk-button uk-button-default\" href=\"https:\/\/seancesscolaires.be\/unmondemerveilleux\/wp-content\/uploads\/2025\/09\/unmondemerveilleux_photo2.jpg\" download=\"unmondemerveilleux_photo2.jpg\">T\u00e9l\u00e9charger<\/a><\/p>\n<\/div>\n<\/li>\n<li>\n<p>        <img decoding=\"async\" src=\"https:\/\/seancesscolaires.be\/unmondemerveilleux\/wp-content\/uploads\/2025\/09\/unmondemerveilleux_photo3.jpg\" alt=\"\"><\/p>\n<h2>Photo<\/h2>\n<p><span class=\"uk-link-reset\">JPEG<\/span><\/p>\n<div>\n<p><a class=\"el-link uk-button uk-button-default\" href=\"https:\/\/seancesscolaires.be\/unmondemerveilleux\/wp-content\/uploads\/2025\/09\/unmondemerveilleux_photo3.jpg\" download=\"unmondemerveilleux_photo3.jpg\">T\u00e9l\u00e9charger<\/a><\/p>\n<\/div>\n<\/li>\n<li>\n<p>        <img decoding=\"async\" src=\"https:\/\/seancesscolaires.be\/unmondemerveilleux\/wp-content\/uploads\/2025\/09\/unmondemerveilleux_photo4.jpg\" alt=\"\"><\/p>\n<h2>Photo<\/h2>\n<p><span class=\"uk-link-reset\">JPEG<\/span><\/p>\n<div>\n<p><a class=\"el-link uk-button uk-button-default\" href=\"https:\/\/seancesscolaires.be\/unmondemerveilleux\/wp-content\/uploads\/2025\/09\/unmondemerveilleux_photo4.jpg\" download=\"unmondemerveilleux_photo4.jpg\">T\u00e9l\u00e9charger<\/a><\/p>\n<\/div>\n<\/li>\n<li>\n<p>        <img decoding=\"async\" src=\"https:\/\/seancesscolaires.be\/unmondemerveilleux\/wp-content\/uploads\/2025\/09\/unmondemerveilleux_photo5.jpg\" alt=\"\"><\/p>\n<h2>Photo<\/h2>\n<p><span class=\"uk-link-reset\">JPEG<\/span><\/p>\n<div>\n<p><a class=\"el-link uk-button uk-button-default\" href=\"https:\/\/seancesscolaires.be\/unmondemerveilleux\/wp-content\/uploads\/2025\/09\/unmondemerveilleux_photo5.jpg\" download=\"unmondemerveilleux_photo5.jpg\">T\u00e9l\u00e9charger<\/a><\/p>\n<\/div>\n<\/li>\n<li>\n<p>        <img decoding=\"async\" src=\"https:\/\/seancesscolaires.be\/unmondemerveilleux\/wp-content\/uploads\/2025\/09\/unmondemerveilleux_photo6.jpg\" alt=\"\"><\/p>\n<h2>Photo<\/h2>\n<p><span class=\"uk-link-reset\">JPEG<\/span><\/p>\n<div>\n<p><a class=\"el-link uk-button uk-button-default\" href=\"https:\/\/seancesscolaires.be\/unmondemerveilleux\/wp-content\/uploads\/2025\/09\/unmondemerveilleux_photo6.jpg\" download=\"unmondemerveilleux_photo6.jpg\">T\u00e9l\u00e9charger<\/a><\/p>\n<\/div>\n<\/li>\n<li>\n<p>        <img decoding=\"async\" src=\"https:\/\/seancesscolaires.be\/unmondemerveilleux\/wp-content\/uploads\/2025\/09\/unmondemerveilleux_photo7.jpg\" alt=\"\"><\/p>\n<h2>Photo<\/h2>\n<p><span class=\"uk-link-reset\">JPEG<\/span><\/p>\n<div>\n<p><a class=\"el-link uk-button uk-button-default\" href=\"https:\/\/seancesscolaires.be\/unmondemerveilleux\/wp-content\/uploads\/2025\/09\/unmondemerveilleux_photo7.jpg\" download=\"unmondemerveilleux_photo7.jpg\">T\u00e9l\u00e9charger<\/a><\/p>\n<\/div>\n<\/li>\n<li>\n<p>        <img decoding=\"async\" src=\"https:\/\/seancesscolaires.be\/unmondemerveilleux\/wp-content\/uploads\/2025\/09\/unmondemerveilleux_photo8.jpg\" alt=\"\"><\/p>\n<h2>Photo<\/h2>\n<p><span class=\"uk-link-reset\">JPEG<\/span><\/p>\n<div>\n<p><a class=\"el-link uk-button uk-button-default\" href=\"https:\/\/seancesscolaires.be\/unmondemerveilleux\/wp-content\/uploads\/2025\/09\/unmondemerveilleux_photo8.jpg\" download=\"unmondemerveilleux_photo8.jpg\">T\u00e9l\u00e9charger<\/a><\/p>\n<\/div>\n<\/li>\n<\/ul>\n<p><video src=\"\/unmondemerveilleux\/wp-content\/uploads\/2025\/09\/UnMondeMerveilleux-Trailer.mp4\" poster=\"\"><\/video><\/p>\n<p><!--more--><br \/>\n<!-- {\"type\":\"layout\",\"children\":[{\"type\":\"section\",\"props\":{\"class\":\"uk-position-relative\",\"header_transparent\":true,\"header_transparent_noplaceholder\":false,\"header_transparent_text_color\":\"dark\",\"image_position\":\"center-center\",\"padding\":\"xlarge\",\"padding_remove_bottom\":false,\"style\":\"primary\",\"title_breakpoint\":\"xl\",\"title_position\":\"top-left\",\"title_rotation\":\"left\",\"vertical_align\":\"\",\"width\":\"\"},\"children\":[{\"type\":\"row\",\"props\":{\"margin\":\"remove-vertical\"},\"children\":[{\"type\":\"column\",\"props\":{\"css\":\".el-column > * { position: static; }\",\"image_position\":\"center-center\",\"position_sticky_breakpoint\":\"m\"},\"children\":[{\"type\":\"image\",\"props\":{\"css\":\".el-image { max-width: 40vw; }\",\"image\":\"wp-content\\\/uploads\\\/line-12.svg\",\"image_height\":\"630\",\"image_svg_animate\":true,\"image_svg_color\":\"emphasis\",\"image_svg_inline\":true,\"image_width\":\"580\",\"margin\":\"default\",\"position\":\"absolute\",\"position_left\":\"0\",\"position_top\":\"0\",\"position_z_index\":\"0\",\"visibility\":\"s\"}}]}]},{\"type\":\"row\",\"props\":{\"margin\":\"remove-vertical\",\"margin_remove_top\":false,\"width\":\"default\"},\"children\":[{\"type\":\"column\",\"props\":{\"image_position\":\"center-center\",\"position_sticky_breakpoint\":\"m\"},\"children\":[{\"type\":\"headline\",\"props\":{\"content\":\"Dossier de presse\",\"position\":\"relative\",\"position_z_index\":\"1\",\"text_align\":\"center\",\"title_element\":\"h1\",\"title_style\":\"heading-xlarge\"}},{\"type\":\"text\",\"props\":{\"block_align\":\"center\",\"column_breakpoint\":\"m\",\"content\":\"\n\n<p><\\\/p>\\n\n\n<p><\\\/p>\",\"css\":\".el-element.uk-width-xlarge { width: 520px; }\",\"margin\":\"default\",\"maxwidth\":\"xlarge\",\"text_align\":\"center\"}}]}]},{\"type\":\"row\",\"props\":{\"margin\":\"xlarge\",\"width\":\"default\"},\"children\":[{\"type\":\"column\",\"props\":{\"image_position\":\"center-center\",\"position_sticky_breakpoint\":\"m\"},\"children\":[{\"type\":\"subnav\",\"props\":{\"margin\":\"large\",\"status\":\"disabled\",\"text_align\":\"center\"},\"children\":[{\"type\":\"subnav_item\",\"props\":{\"content\":\"All\",\"link\":\"#\"}},{\"type\":\"subnav_item\",\"props\":{\"content\":\"Interviews\",\"link\":\"#\"}},{\"type\":\"subnav_item\",\"props\":{\"content\":\"News\",\"link\":\"#\"}},{\"type\":\"subnav_item\",\"props\":{\"content\":\"Exhibitions\",\"link\":\"#\"}},{\"type\":\"subnav_item\",\"props\":{\"content\":\"Workshops\",\"link\":\"#\"}}]},{\"type\":\"grid\",\"props\":{\"content_column_breakpoint\":\"m\",\"filter_align\":\"left\",\"filter_all\":true,\"filter_grid_breakpoint\":\"m\",\"filter_grid_width\":\"auto\",\"filter_position\":\"top\",\"filter_style\":\"tab\",\"grid_column_align\":false,\"grid_column_gap\":\"medium\",\"grid_default\":\"1\",\"grid_medium\":\"\",\"grid_row_gap\":\"large\",\"grid_small\":\"2\",\"icon_width\":80,\"image_align\":\"top\",\"image_grid_breakpoint\":\"m\",\"image_grid_width\":\"1-2\",\"image_link\":true,\"image_svg_color\":\"emphasis\",\"image_width\":\"585\",\"item_animation\":true,\"lightbox_bg_close\":true,\"link_style\":\"default\",\"link_target\":true,\"link_text\":\"\",\"margin\":\"default\",\"meta_align\":\"above-title\",\"meta_color\":\"emphasis\",\"meta_element\":\"div\",\"meta_margin\":\"medium\",\"meta_style\":\"text-meta\",\"parallax_easing\":\"1\",\"show_content\":true,\"show_hover_image\":true,\"show_hover_video\":true,\"show_image\":true,\"show_link\":true,\"show_meta\":true,\"show_title\":true,\"show_video\":true,\"title_align\":\"top\",\"title_element\":\"h2\",\"title_grid_breakpoint\":\"m\",\"title_grid_width\":\"1-2\",\"title_hover_style\":\"heading\",\"title_link\":true,\"title_margin\":\"small\"},\"children\":[{\"type\":\"grid_item\",\"props\":{\"content\":\"\n\n<p><\\\/p>\\n\n\n<p><\\\/p>\",\"image\":\"\",\"item_element\":\"article\",\"link\":\"https:\\\/\\\/seancesscolaires.be\\\/unmondemerveilleux\\\/wp-content\\\/uploads\\\/2025\\\/09\\\/unmondemerveilleux_dossierdepresse.pdf\",\"link_text\":\"T\\u00e9l\\u00e9charger\",\"meta\":\"PDF \",\"title\":\"Dossier de presse\"}},{\"type\":\"grid_item\",\"props\":{\"content\":\"\n\n<p><\\\/p>\\n\n\n<p><\\\/p>\",\"image\":\"\",\"item_element\":\"article\",\"link\":\"https:\\\/\\\/seancesscolaires.be\\\/unmondemerveilleux\\\/wp-content\\\/uploads\\\/2025\\\/09\\\/unmondemerveilleux_A4-scaled.jpg\",\"link_text\":\"T\\u00e9l\\u00e9charger\",\"meta\":\"JPEG\",\"title\":\"Affiche A4\"}},{\"type\":\"grid_item\",\"props\":{\"content\":\"\n\n<p><br \\\/><br \\\/><a class=\\\"el-link uk-button uk-button-default\\\" href=\\\"https:\\\/\\\/seancesscolaires.be\\\/unmondemerveilleux\\\/wp-content\\\/uploads\\\/2025\\\/09\\\/unmondemerveilleux_photo1.jpg\\\" download=\\\"unmondemerveilleux_photo1.jpg\\\">T\\u00e9l\\u00e9charger<\\\/a><\\\/p>\",\"image\":\"https:\\\/\\\/seancesscolaires.be\\\/unmondemerveilleux\\\/wp-content\\\/uploads\\\/2025\\\/09\\\/unmondemerveilleux_photo1.jpg\",\"item_element\":\"article\",\"link_text\":\"T\\u00e9l\\u00e9charger\",\"meta\":\"<span class=\\\"uk-link-reset\\\">JPEG<\\\/span>\",\"title\":\"Photo\"}},{\"type\":\"grid_item\",\"props\":{\"content\":\"\n\n<p><br \\\/><a class=\\\"el-link uk-button uk-button-default\\\" href=\\\"https:\\\/\\\/seancesscolaires.be\\\/unmondemerveilleux\\\/wp-content\\\/uploads\\\/2025\\\/09\\\/unmondemerveilleux_photo2.jpg\\\" download=\\\"unmondemerveilleux_photo2.jpg\\\">T\\u00e9l\\u00e9charger<\\\/a><\\\/p>\",\"image\":\"https:\\\/\\\/seancesscolaires.be\\\/unmondemerveilleux\\\/wp-content\\\/uploads\\\/2025\\\/09\\\/unmondemerveilleux_photo2.jpg\",\"item_element\":\"article\",\"link_text\":\"T\\u00e9l\\u00e9charger\",\"meta\":\"<span class=\\\"uk-link-reset\\\">JPEG<\\\/span>\",\"title\":\"Photo\"}},{\"type\":\"grid_item\",\"props\":{\"content\":\"\n\n<p><br \\\/><br \\\/><a class=\\\"el-link uk-button uk-button-default\\\" href=\\\"https:\\\/\\\/seancesscolaires.be\\\/unmondemerveilleux\\\/wp-content\\\/uploads\\\/2025\\\/09\\\/unmondemerveilleux_photo3.jpg\\\" download=\\\"unmondemerveilleux_photo3.jpg\\\">T\\u00e9l\\u00e9charger<\\\/a><\\\/p>\",\"image\":\"https:\\\/\\\/seancesscolaires.be\\\/unmondemerveilleux\\\/wp-content\\\/uploads\\\/2025\\\/09\\\/unmondemerveilleux_photo3.jpg\",\"item_element\":\"article\",\"link_text\":\"T\\u00e9l\\u00e9charger\",\"meta\":\"<span class=\\\"uk-link-reset\\\">JPEG<\\\/span>\",\"title\":\"Photo\"}},{\"type\":\"grid_item\",\"props\":{\"content\":\"\n\n<p><br \\\/><br \\\/><a class=\\\"el-link uk-button uk-button-default\\\" href=\\\"https:\\\/\\\/seancesscolaires.be\\\/unmondemerveilleux\\\/wp-content\\\/uploads\\\/2025\\\/09\\\/unmondemerveilleux_photo4.jpg\\\" download=\\\"unmondemerveilleux_photo4.jpg\\\">T\\u00e9l\\u00e9charger<\\\/a><\\\/p>\",\"image\":\"https:\\\/\\\/seancesscolaires.be\\\/unmondemerveilleux\\\/wp-content\\\/uploads\\\/2025\\\/09\\\/unmondemerveilleux_photo4.jpg\",\"item_element\":\"article\",\"link_text\":\"T\\u00e9l\\u00e9charger\",\"meta\":\"<span class=\\\"uk-link-reset\\\">JPEG<\\\/span>\",\"title\":\"Photo\"}},{\"type\":\"grid_item\",\"props\":{\"content\":\"\n\n<p><br \\\/><br \\\/><a class=\\\"el-link uk-button uk-button-default\\\" href=\\\"https:\\\/\\\/seancesscolaires.be\\\/unmondemerveilleux\\\/wp-content\\\/uploads\\\/2025\\\/09\\\/unmondemerveilleux_photo5.jpg\\\" download=\\\"unmondemerveilleux_photo5.jpg\\\">T\\u00e9l\\u00e9charger<\\\/a><\\\/p>\",\"image\":\"https:\\\/\\\/seancesscolaires.be\\\/unmondemerveilleux\\\/wp-content\\\/uploads\\\/2025\\\/09\\\/unmondemerveilleux_photo5.jpg\",\"item_element\":\"article\",\"link_text\":\"T\\u00e9l\\u00e9charger\",\"meta\":\"<span class=\\\"uk-link-reset\\\">JPEG<\\\/span>\",\"title\":\"Photo\"}},{\"type\":\"grid_item\",\"props\":{\"content\":\"\n\n<p><br \\\/><br \\\/><a class=\\\"el-link uk-button uk-button-default\\\" href=\\\"https:\\\/\\\/seancesscolaires.be\\\/unmondemerveilleux\\\/wp-content\\\/uploads\\\/2025\\\/09\\\/unmondemerveilleux_photo6.jpg\\\" download=\\\"unmondemerveilleux_photo6.jpg\\\">T\\u00e9l\\u00e9charger<\\\/a><\\\/p>\",\"image\":\"https:\\\/\\\/seancesscolaires.be\\\/unmondemerveilleux\\\/wp-content\\\/uploads\\\/2025\\\/09\\\/unmondemerveilleux_photo6.jpg\",\"item_element\":\"article\",\"link_text\":\"T\\u00e9l\\u00e9charger\",\"meta\":\"<span class=\\\"uk-link-reset\\\">JPEG<\\\/span>\",\"title\":\"Photo\"}},{\"type\":\"grid_item\",\"props\":{\"content\":\"\n\n<p><br \\\/><br \\\/><a class=\\\"el-link uk-button uk-button-default\\\" href=\\\"https:\\\/\\\/seancesscolaires.be\\\/unmondemerveilleux\\\/wp-content\\\/uploads\\\/2025\\\/09\\\/unmondemerveilleux_photo7.jpg\\\" download=\\\"unmondemerveilleux_photo7.jpg\\\">T\\u00e9l\\u00e9charger<\\\/a><\\\/p>\",\"image\":\"https:\\\/\\\/seancesscolaires.be\\\/unmondemerveilleux\\\/wp-content\\\/uploads\\\/2025\\\/09\\\/unmondemerveilleux_photo7.jpg\",\"item_element\":\"article\",\"link_text\":\"T\\u00e9l\\u00e9charger\",\"meta\":\"<span class=\\\"uk-link-reset\\\">JPEG<\\\/span>\",\"title\":\"Photo\"}},{\"type\":\"grid_item\",\"props\":{\"content\":\"\n\n<p><br \\\/><br \\\/><a class=\\\"el-link uk-button uk-button-default\\\" href=\\\"https:\\\/\\\/seancesscolaires.be\\\/unmondemerveilleux\\\/wp-content\\\/uploads\\\/2025\\\/09\\\/unmondemerveilleux_photo8.jpg\\\" download=\\\"unmondemerveilleux_photo8.jpg\\\">T\\u00e9l\\u00e9charger<\\\/a><\\\/p>\",\"image\":\"https:\\\/\\\/seancesscolaires.be\\\/unmondemerveilleux\\\/wp-content\\\/uploads\\\/2025\\\/09\\\/unmondemerveilleux_photo8.jpg\",\"item_element\":\"article\",\"link_text\":\"T\\u00e9l\\u00e9charger\",\"meta\":\"<span class=\\\"uk-link-reset\\\">JPEG<\\\/span>\",\"title\":\"Photo\"}}]}]}]}],\"name\":\"Dossier de presse\"},{\"type\":\"section\",\"props\":{\"image_position\":\"center-center\",\"style\":\"default\",\"title_breakpoint\":\"xl\",\"title_position\":\"top-left\",\"title_rotation\":\"left\",\"vertical_align\":\"middle\",\"width\":\"default\"},\"children\":[{\"type\":\"row\",\"children\":[{\"type\":\"column\",\"props\":{\"image_position\":\"center-center\",\"position_sticky_breakpoint\":\"m\"},\"children\":[{\"type\":\"video\",\"props\":{\"margin\":\"default\",\"video\":\"wp-content\\\/uploads\\\/2025\\\/09\\\/UnMondeMerveilleux-Trailer.mp4\",\"video_controls\":true}}]}]}],\"name\":\"Trailer\"}],\"version\":\"4.5.29\"} --><\/p>\n","protected":false},"excerpt":{"rendered":"<p>Dossier de presse Dossier de presse PDF T\u00e9l\u00e9charger Affiche A4 JPEG T\u00e9l\u00e9charger Photo JPEG T\u00e9l\u00e9charger Photo JPEG T\u00e9l\u00e9charger Photo JPEG T\u00e9l\u00e9charger Photo JPEG T\u00e9l\u00e9charger Photo JPEG T\u00e9l\u00e9charger Photo JPEG T\u00e9l\u00e9charger Photo JPEG T\u00e9l\u00e9charger Photo JPEG T\u00e9l\u00e9charger<\/p>\n","protected":false},"author":1,"featured_media":0,"parent":0,"menu_order":3,"comment_status":"open","ping_status":"closed","template":"","meta":{"_acf_changed":false,"footnotes":""},"class_list":["post-26","page","type-page","status-publish","hentry"],"acf":[],"_links":{"self":[{"href":"https:\/\/seancesscolaires.be\/unmondemerveilleux\/wp-json\/wp\/v2\/pages\/26","targetHints":{"allow":["GET"]}}],"collection":[{"href":"https:\/\/seancesscolaires.be\/unmondemerveilleux\/wp-json\/wp\/v2\/pages"}],"about":[{"href":"https:\/\/seancesscolaires.be\/unmondemerveilleux\/wp-json\/wp\/v2\/types\/page"}],"author":[{"embeddable":true,"href":"https:\/\/seancesscolaires.be\/unmondemerveilleux\/wp-json\/wp\/v2\/users\/1"}],"replies":[{"embeddable":true,"href":"https:\/\/seancesscolaires.be\/unmondemerveilleux\/wp-json\/wp\/v2\/comments?post=26"}],"version-history":[{"count":89,"href":"https:\/\/seancesscolaires.be\/unmondemerveilleux\/wp-json\/wp\/v2\/pages\/26\/revisions"}],"predecessor-version":[{"id":2904,"href":"https:\/\/seancesscolaires.be\/unmondemerveilleux\/wp-json\/wp\/v2\/pages\/26\/revisions\/2904"}],"wp:attachment":[{"href":"https:\/\/seancesscolaires.be\/unmondemerveilleux\/wp-json\/wp\/v2\/media?parent=26"}],"curies":[{"name":"wp","href":"https:\/\/api.w.org\/{rel}","templated":true}]}}