{"id":20,"date":"2021-08-03T11:33:10","date_gmt":"2021-08-03T11:33:10","guid":{"rendered":"http:\/\/www.tkt-seancesscolaires.be\/?p=20"},"modified":"2025-10-28T12:23:15","modified_gmt":"2025-10-28T12:23:15","slug":"dossier-pedagogique","status":"publish","type":"page","link":"https:\/\/seancesscolaires.be\/unmondemerveilleux\/dossier-pedagogique\/","title":{"rendered":"Dossier p\u00e9dagogique"},"content":{"rendered":"<p><img decoding=\"async\" src=\"\/unmondemerveilleux\/wp-content\/uploads\/line-21.svg\" alt=\"\"><\/p>\n<h1>Dossier p\u00e9dagogique<\/h1>\n<ul>\n<li>\n<p>        <img decoding=\"async\" src=\"\/unmondemerveilleux\/wp-content\/uploads\/2025\/09\/unmondemerveilleux_photo8_portrait.jpg\" alt=\"\"><\/p>\n<\/li>\n<li>\n<p>        <img decoding=\"async\" src=\"\/unmondemerveilleux\/wp-content\/uploads\/2025\/09\/unmondemerveilleux_photo5_portraitBis.jpg\" alt=\"\"><\/p>\n<\/li>\n<\/ul>\n<div>\n<p>L\u2019intelligence artificielle fait d\u00e9sormais partie de notre quotidien. Que ce soit pour chercher une information, cr\u00e9er une image, corriger un texte ou nous sugg\u00e9rer une vid\u00e9o, elle influence d\u00e9j\u00e0 la mani\u00e8re dont nous vivons, apprenons et interagissons. Et cette influence ne fera que grandir dans les ann\u00e9es \u00e0 venir.<\/p>\n<p>Afin de prolonger la r\u00e9flexion entam\u00e9e par le film, un dossier p\u00e9dagogique a sp\u00e9cialement \u00e9t\u00e9 \u00e9labor\u00e9 pour aider les enseignant\u00b7es \u00e0 accompagner les \u00e9l\u00e8ves dans la d\u00e9couverte de l\u2019IA\u202f: avec lucidit\u00e9, sans sensationnalisme, mais sans na\u00efvet\u00e9 non plus.<\/p>\n<p class=\"uk-text-lead\">Le dossier sera accessible apr\u00e8s r\u00e9servation d\u2019une s\u00e9ance scolaire. Construit autour du film Un monde merveilleux, il ouvre la r\u00e9flexion et propose une exploration approfondie des enjeux li\u00e9s \u00e0 l\u2019intelligence artificielle, qu\u2019il s\u2019agisse de la soci\u00e9t\u00e9, des m\u00e9tiers, de l\u2019\u00e9ducation, de l\u2019\u00e9thique ou de l\u2019environnement.<\/p>\n<\/div>\n<p><img decoding=\"async\" src=\"\/unmondemerveilleux\/wp-content\/uploads\/line-14.svg\" alt=\"\"><\/p>\n<h2>Le dossier est organis\u00e9 en quatre grandes parties, chacune abordant un aspect central de l\u2019intelligence artificielle\u202f:<\/h2>\n<ul>\n<li>\n<h3>Comprendre ce qu\u2019est l\u2019IA<\/h3>\n<p>1.<\/p>\n<div>\n<p>Comprendre l\u2019IA sans jargon<br \/>Les grandes familles d\u2019IA<br \/>Atouts et limites actuelles<\/p>\n<\/div>\n<\/li>\n<li>\n<h3>Explorer son impact sur notre monde<\/h3>\n<p>2.<\/p>\n<div>\n<p>Les g\u00e9ants de l\u2019IA<br \/>Les grandes promesses de l\u2019IA<br \/>Les zones d\u2019ombre et les risques<br \/>L\u2019empreinte \u00e9cologique de l\u2019IA<\/p>\n<\/div>\n<\/li>\n<li>\n<h3>R\u00e9fl\u00e9chir \u00e0 notre rapport humain \u00e0 la technologie<\/h3>\n<p>3.<\/p>\n<div>\n<p>Peut-on faire confiance \u00e0 une IA\u00a0?<br \/>Quand les \u00e9motions s\u2019en m\u00ealent<br \/>Les liens humains dans un monde technologique<\/p>\n<\/div>\n<\/li>\n<li>\n<h3>Se projeter dans l\u2019avenir et apprendre \u00e0 agir<\/h3>\n<p>4.<\/p>\n<div>\n<p>Les m\u00e9tiers de demain<br \/>Apprendre \u00e0 bien utiliser l\u2019IA<br \/>L\u2019art de poser les bonnes questions (prompt)<br \/>D\u00e9bat et ateliers cr\u00e9atifs<\/p>\n<\/div>\n<\/li>\n<\/ul>\n<p><img decoding=\"async\" src=\"\/unmondemerveilleux\/wp-content\/uploads\/2025\/09\/unmondemerveilleux_photo3.jpg\" alt=\"\"><\/p>\n<h2>\n<p>Chaque partie combine\u202f:<\/p>\n<\/h2>\n<div>\n<ul>\n<li>des <strong>informations pr\u00e9cises<\/strong>, pour alimenter la r\u00e9flexion et la discussion,<\/li>\n<li>des <strong>activit\u00e9s p\u00e9dagogiques concr\u00e8tes<\/strong>, \u00e0 adapter selon le temps disponible,<\/li>\n<li>des <strong>passerelles avec le film<\/strong>, pour ancrer les d\u00e9bats dans une exp\u00e9rience commune.<\/li>\n<\/ul>\n<\/div>\n<p><p>\n        <a href=\"https:\/\/seancesscolaires.be\/unmondemerveilleux\/wp-content\/uploads\/2025\/09\/unmondemerveilleux_dossier-introduction_One-pager.pdf\">Dossier p\u00e9dagogique &#8211; Intro<\/a>\n    <\/p>\n<\/p>\n<h1>Visionnez le film avant de r\u00e9server vos s\u00e9ances scolaires<\/h1>\n<div>\n<p>Si vous souhaitez visionner le film <strong>Un monde merveilleux<\/strong> avant de confirmer la r\u00e9servation de votre (vos) s\u00e9ance(s) scolaire(s), il vous suffit de faire la demande ci-dessous. Une invitation cin\u00e9ma vous sera alors envoy\u00e9e pour assister \u00e0 une projection dans le cin\u00e9ma, \u00e0 la date et \u00e0 la s\u00e9ance de votre choix.<\/p>\n<\/div>\n<div>\n<style id=\"wpforms-css-vars-2325\">\n\t\t\t\t#wpforms-2325 {\n\t\t\t\t\n\t\t\t}\n\t\t\t<\/style><div class=\"wpforms-container wpforms-container-full wpforms-render-modern\" id=\"wpforms-2325\"><form id=\"wpforms-form-2325\" class=\"wpforms-validate wpforms-form wpforms-ajax-form\" data-formid=\"2325\" method=\"post\" enctype=\"multipart\/form-data\" action=\"\/unmondemerveilleux\/wp-json\/wp\/v2\/pages\/20\" data-token=\"79341886ad966addd6f3f26716848433\" data-token-time=\"1776399232\"><noscript class=\"wpforms-error-noscript\">Veuillez activer JavaScript dans votre navigateur pour remplir ce formulaire.<\/noscript><div id=\"wpforms-error-noscript\" style=\"display: none;\">Veuillez activer JavaScript dans votre navigateur pour remplir ce formulaire.<\/div><div class=\"wpforms-field-container\"><div id=\"wpforms-2325-field_1-container\" class=\"wpforms-field wpforms-field-name\" data-field-id=\"1\"><fieldset><legend class=\"wpforms-field-label\">Nom <span class=\"wpforms-required-label\" aria-hidden=\"true\">*<\/span><\/legend><div class=\"wpforms-field-row wpforms-field-medium\"><div class=\"wpforms-field-row-block wpforms-first wpforms-one-half\"><input type=\"text\" id=\"wpforms-2325-field_1\" class=\"wpforms-field-name-first wpforms-field-required\" name=\"wpforms[fields][1][first]\" aria-errormessage=\"wpforms-2325-field_1-error\" required><label for=\"wpforms-2325-field_1\" class=\"wpforms-field-sublabel after\">Pr\u00e9nom<\/label><\/div><div class=\"wpforms-field-row-block wpforms-one-half\"><input type=\"text\" id=\"wpforms-2325-field_1-last\" class=\"wpforms-field-name-last wpforms-field-required\" name=\"wpforms[fields][1][last]\" aria-errormessage=\"wpforms-2325-field_1-last-error\" required><label for=\"wpforms-2325-field_1-last\" class=\"wpforms-field-sublabel after\">Nom<\/label><\/div><\/div><\/fieldset><\/div>\t\t<div id=\"wpforms-2325-field_3-container\"\n\t\t\tclass=\"wpforms-field wpforms-field-text\"\n\t\t\tdata-field-type=\"text\"\n\t\t\tdata-field-id=\"3\"\n\t\t\t>\n\t\t\t<label class=\"wpforms-field-label\" for=\"wpforms-2325-field_3\" >E-mail \u00c9cole Commune<\/label>\n\t\t\t<input type=\"text\" id=\"wpforms-2325-field_3\" class=\"wpforms-field-medium\" name=\"wpforms[fields][3]\" >\n\t\t<\/div>\n\t\t<div id=\"wpforms-2325-field_4-container\" class=\"wpforms-field wpforms-field-text\" data-field-id=\"4\"><label class=\"wpforms-field-label\" for=\"wpforms-2325-field_4\">\u00c9cole <span class=\"wpforms-required-label\" aria-hidden=\"true\">*<\/span><\/label><input type=\"text\" id=\"wpforms-2325-field_4\" class=\"wpforms-field-medium wpforms-field-required\" name=\"wpforms[fields][4]\" aria-errormessage=\"wpforms-2325-field_4-error\" required><\/div><div id=\"wpforms-2325-field_7-container\" class=\"wpforms-field wpforms-field-text\" data-field-id=\"7\"><label class=\"wpforms-field-label\" for=\"wpforms-2325-field_7\">Commune <span class=\"wpforms-required-label\" aria-hidden=\"true\">*<\/span><\/label><input type=\"text\" id=\"wpforms-2325-field_7\" class=\"wpforms-field-medium wpforms-field-required\" name=\"wpforms[fields][7]\" aria-errormessage=\"wpforms-2325-field_7-error\" required><\/div><div id=\"wpforms-2325-field_2-container\" class=\"wpforms-field wpforms-field-email\" data-field-id=\"2\"><label class=\"wpforms-field-label\" for=\"wpforms-2325-field_2\">E-mail <span class=\"wpforms-required-label\" aria-hidden=\"true\">*<\/span><\/label><input type=\"email\" id=\"wpforms-2325-field_2\" class=\"wpforms-field-medium wpforms-field-required\" name=\"wpforms[fields][2]\" spellcheck=\"false\" aria-errormessage=\"wpforms-2325-field_2-error\" required><\/div><script>\n\t\t\t\t( function() {\n\t\t\t\t\tconst style = document.createElement( 'style' );\n\t\t\t\t\tstyle.appendChild( document.createTextNode( '#wpforms-2325-field_3-container { position: absolute !important; overflow: hidden !important; display: inline !important; height: 1px !important; width: 1px !important; z-index: -1000 !important; padding: 0 !important; } #wpforms-2325-field_3-container input { visibility: hidden; } #wpforms-conversational-form-page #wpforms-2325-field_3-container label { counter-increment: none; }' ) );\n\t\t\t\t\tdocument.head.appendChild( style );\n\t\t\t\t\tdocument.currentScript?.remove();\n\t\t\t\t} )();\n\t\t\t<\/script><\/div><!-- .wpforms-field-container --><div class=\"wpforms-submit-container\" ><input type=\"hidden\" name=\"wpforms[id]\" value=\"2325\"><input type=\"hidden\" name=\"page_title\" value=\"\"><input type=\"hidden\" name=\"page_url\" value=\"https:\/\/seancesscolaires.be\/unmondemerveilleux\/wp-json\/wp\/v2\/pages\/20\"><input type=\"hidden\" name=\"url_referer\" value=\"\"><button type=\"submit\" name=\"wpforms[submit]\" id=\"wpforms-submit-2325\" class=\"wpforms-submit el-content uk-button uk-button-default\" data-alt-text=\"Envoi...\" data-submit-text=\"Envoyer\" aria-live=\"assertive\" value=\"wpforms-submit\">Envoyer<\/button><img loading=\"lazy\" decoding=\"async\" src=\"https:\/\/seancesscolaires.be\/unmondemerveilleux\/wp-content\/plugins\/wpforms\/assets\/images\/submit-spin.svg\" class=\"wpforms-submit-spinner\" style=\"display: none;\" width=\"26\" height=\"26\" alt=\"Chargement en cours\"><\/div><\/form><\/div>  <!-- .wpforms-container -->\n<\/div>\n<p><!--more--><br \/>\n<!-- {\"type\":\"layout\",\"children\":[{\"type\":\"section\",\"props\":{\"header_transparent\":true,\"header_transparent_noplaceholder\":false,\"header_transparent_text_color\":\"dark\",\"image_effect\":\"parallax\",\"image_parallax_bgy\":\"100,0\",\"image_parallax_easing\":\"1\",\"image_position\":\"top-left\",\"media_visibility\":\"xl\",\"overlap\":false,\"padding\":\"large\",\"padding_remove_bottom\":false,\"padding_remove_top\":true,\"preserve_color\":false,\"style\":\"primary\",\"title_breakpoint\":\"xl\",\"title_position\":\"top-left\",\"title_rotation\":\"left\",\"vertical_align\":\"\",\"width\":\"\"},\"children\":[{\"type\":\"row\",\"props\":{\"margin\":\"remove-vertical\"},\"children\":[{\"type\":\"column\",\"props\":{\"image_position\":\"center-center\",\"position_sticky_breakpoint\":\"m\"},\"children\":[{\"type\":\"image\",\"props\":{\"image\":\"wp-content\\\/uploads\\\/line-21.svg\",\"image_loading\":true,\"image_svg_animate\":true,\"image_svg_color\":\"emphasis\",\"image_svg_inline\":true,\"image_width\":\"466\",\"margin\":\"default\",\"position\":\"absolute\",\"position_left\":\"0\",\"position_top\":\"0\",\"text_align\":\"left\",\"visibility\":\"xl\"}}]}]},{\"type\":\"row\",\"props\":{\"margin\":\"remove-vertical\",\"margin_remove_top\":false,\"width\":\"default\"},\"children\":[{\"type\":\"column\",\"props\":{\"image\":\"wp-content\\\/uploads\\\/line-31.svg\",\"image_height\":\"500\",\"image_loading\":true,\"image_position\":\"center-center\",\"image_size\":\"contain\",\"image_width\":\"900\",\"padding\":\"xlarge\",\"position_sticky_breakpoint\":\"m\",\"vertical_align\":\"middle\"},\"children\":[{\"type\":\"headline\",\"props\":{\"content\":\"Dossier p\\u00e9dagogique\",\"margin\":\"xlarge\",\"text_align\":\"center\",\"title_element\":\"h1\",\"title_style\":\"heading-2xlarge\"}}]}]},{\"type\":\"row\",\"props\":{\"column_gap\":\"large\",\"layout\":\"2-5,3-5\",\"margin_remove_top\":true,\"padding_remove_horizontal\":false,\"width\":\"small\",\"width_expand\":\"right\"},\"children\":[{\"type\":\"column\",\"props\":{\"image_position\":\"center-center\",\"position_sticky_breakpoint\":\"m\",\"width_large\":\"3-5\"},\"children\":[{\"type\":\"grid\",\"props\":{\"container_padding_remove\":true,\"content_column_breakpoint\":\"m\",\"content_margin\":\"small\",\"css\":\"@media (max-width: 959px) {\\n    \\n    .el-element.uk-container-item-padding-remove-right {\\n        width: 100%;\\n        margin-right: 0;\\n    }\\n    \\n}\",\"filter_align\":\"left\",\"filter_all\":true,\"filter_grid_breakpoint\":\"m\",\"filter_grid_width\":\"auto\",\"filter_position\":\"top\",\"filter_style\":\"tab\",\"grid_column_gap\":\"collapse\",\"grid_default\":\"1\",\"grid_medium\":\"\",\"grid_row_gap\":\"large\",\"grid_small\":\"2\",\"icon_width\":80,\"image_align\":\"top\",\"image_grid_breakpoint\":\"m\",\"image_grid_width\":\"1-2\",\"image_loading\":true,\"image_svg_color\":\"emphasis\",\"image_width\":\"610\",\"item_animation\":true,\"lightbox_bg_close\":true,\"link_style\":\"default\",\"link_text\":\"Read more\",\"margin\":\"default\",\"meta_align\":\"below-title\",\"meta_color\":\"emphasis\",\"meta_element\":\"div\",\"meta_margin\":\"remove\",\"meta_style\":\"text-meta\",\"parallax_easing\":\"1\",\"show_content\":true,\"show_hover_image\":true,\"show_hover_video\":true,\"show_image\":true,\"show_link\":true,\"show_meta\":true,\"show_title\":true,\"show_video\":true,\"text_align\":\"left\",\"text_align_breakpoint\":\"m\",\"text_align_fallback\":\"center\",\"title_align\":\"top\",\"title_element\":\"div\",\"title_grid_breakpoint\":\"m\",\"title_grid_width\":\"1-2\",\"title_hover_style\":\"reset\",\"title_style\":\"h4\"},\"children\":[{\"type\":\"grid_item\",\"props\":{\"content\":\"\",\"image\":\"wp-content\\\/uploads\\\/2025\\\/09\\\/unmondemerveilleux_photo8_portrait.jpg\",\"meta\":\"\",\"title\":\"\"}},{\"type\":\"grid_item\",\"props\":{\"image\":\"wp-content\\\/uploads\\\/2025\\\/09\\\/unmondemerveilleux_photo5_portraitBis.jpg\",\"meta\":\"\",\"title\":\"\"}}]}]},{\"type\":\"column\",\"props\":{\"image_position\":\"center-center\",\"order_first\":\"l\",\"position_sticky_breakpoint\":\"m\",\"width_large\":\"2-5\"},\"children\":[{\"type\":\"text\",\"props\":{\"block_align_breakpoint\":\"m\",\"block_align_fallback\":\"center\",\"column_breakpoint\":\"m\",\"content\":\"\n\n<p>L\\u2019intelligence artificielle fait d\\u00e9sormais partie de notre quotidien. Que ce soit pour chercher une information, cr\\u00e9er une image, corriger un texte ou nous sugg\\u00e9rer une vid\\u00e9o, elle influence d\\u00e9j\\u00e0 la mani\\u00e8re dont nous vivons, apprenons et interagissons. Et cette influence ne fera que grandir dans les ann\\u00e9es \\u00e0 venir.<\\\/p>\\n\n\n<p>Afin de prolonger la r\\u00e9flexion entam\\u00e9e par le film, un dossier p\\u00e9dagogique a sp\\u00e9cialement \\u00e9t\\u00e9 \\u00e9labor\\u00e9 pour aider les enseignant\\u00b7es \\u00e0 accompagner les \\u00e9l\\u00e8ves dans la d\\u00e9couverte de l\\u2019IA\\u202f: avec lucidit\\u00e9, sans sensationnalisme, mais sans na\\u00efvet\\u00e9 non plus.<\\\/p>\\n\n\n<p class=\\\"uk-text-lead\\\">Le dossier sera accessible apr\\u00e8s r\\u00e9servation d\\u2019une s\\u00e9ance scolaire. Construit autour du film Un monde merveilleux, il ouvre la r\\u00e9flexion et propose une exploration approfondie des enjeux li\\u00e9s \\u00e0 l\\u2019intelligence artificielle, qu\\u2019il s\\u2019agisse de la soci\\u00e9t\\u00e9, des m\\u00e9tiers, de l\\u2019\\u00e9ducation, de l\\u2019\\u00e9thique ou de l\\u2019environnement.<\\\/p>\\n\",\"margin\":\"default\",\"maxwidth\":\"xlarge\",\"text_align\":\"left\",\"text_align_fallback\":\"center\"}}]}]}],\"name\":\"Dossier p\\u00e9dagogique - Intro\"},{\"type\":\"section\",\"props\":{\"class\":\"tm-section-default\",\"image_position\":\"center-center\",\"padding\":\"large\",\"padding_remove_bottom\":true,\"style\":\"default\",\"title\":\"Our Story\",\"title_breakpoint\":\"xl\",\"title_position\":\"center-right\",\"title_rotation\":\"left\",\"vertical_align\":\"\",\"width\":\"\"},\"children\":[{\"type\":\"row\",\"props\":{\"margin\":\"remove-vertical\"},\"children\":[{\"type\":\"column\",\"props\":{\"css\":\".el-column > * { position: static; }\",\"image_position\":\"center-center\",\"position_sticky_breakpoint\":\"m\"},\"children\":[{\"type\":\"image\",\"props\":{\"image\":\"wp-content\\\/uploads\\\/line-14.svg\",\"image_svg_animate\":true,\"image_svg_color\":\"emphasis\",\"image_svg_inline\":true,\"image_width\":\"530\",\"margin\":\"default\",\"position\":\"absolute\",\"position_bottom\":\"0\",\"position_left\":\"0\",\"position_z_index\":\"0\",\"visibility\":\"l\"}}]}]},{\"type\":\"row\",\"props\":{\"column_gap\":\"large\",\"layout\":\"1-3,2-3\",\"width\":\"default\"},\"children\":[{\"type\":\"column\",\"props\":{\"image_position\":\"center-center\",\"position_sticky_breakpoint\":\"m\",\"width_medium\":\"1-3\"},\"children\":[{\"type\":\"headline\",\"props\":{\"block_align\":\"right\",\"content\":\"Le dossier est organis\\u00e9 en quatre grandes parties, chacune abordant un aspect central de l\\u2019intelligence artificielle\\u202f:\",\"position\":\"relative\",\"position_z_index\":\"1\",\"title_element\":\"h2\",\"title_style\":\"heading-small\"}}]},{\"type\":\"column\",\"props\":{\"image_position\":\"center-center\",\"position_sticky_breakpoint\":\"m\",\"width_medium\":\"2-3\"},\"children\":[{\"type\":\"grid\",\"props\":{\"content_column_breakpoint\":\"m\",\"filter_align\":\"left\",\"filter_all\":true,\"filter_grid_breakpoint\":\"m\",\"filter_grid_width\":\"auto\",\"filter_position\":\"top\",\"filter_style\":\"tab\",\"grid_default\":\"1\",\"grid_medium\":\"\",\"grid_row_gap\":\"large\",\"icon_width\":80,\"image_align\":\"top\",\"image_grid_breakpoint\":\"m\",\"image_grid_width\":\"1-2\",\"image_svg_color\":\"emphasis\",\"item_animation\":true,\"lightbox_bg_close\":true,\"link_style\":\"default\",\"link_text\":\"Read more\",\"margin\":\"default\",\"meta_align\":\"above-title\",\"meta_element\":\"div\",\"meta_style\":\"h6\",\"parallax_easing\":\"1\",\"position\":\"relative\",\"position_z_index\":\"1\",\"show_content\":true,\"show_hover_image\":true,\"show_hover_video\":true,\"show_image\":true,\"show_link\":true,\"show_meta\":true,\"show_title\":true,\"show_video\":true,\"title_align\":\"left\",\"title_element\":\"h3\",\"title_grid_breakpoint\":\"s\",\"title_grid_width\":\"2-5\",\"title_hover_style\":\"reset\",\"title_margin\":\"small\"},\"children\":[{\"type\":\"grid_item\",\"props\":{\"content\":\"\n\n<p>Comprendre l\\u2019IA sans jargon<br \\\/>Les grandes familles d\\u2019IA<br \\\/>Atouts et limites actuelles<\\\/p>\",\"meta\":\"1.\",\"title\":\"Comprendre ce qu\\u2019est l\\u2019IA\"}},{\"type\":\"grid_item\",\"props\":{\"content\":\"\n\n<p>Les g\\u00e9ants de l\\u2019IA<br \\\/>Les grandes promesses de l\\u2019IA<br \\\/>Les zones d\\u2019ombre et les risques<br \\\/>L\\u2019empreinte \\u00e9cologique de l\\u2019IA<\\\/p>\",\"meta\":\"2.\",\"title\":\"Explorer son impact sur notre monde\"}},{\"type\":\"grid_item\",\"props\":{\"content\":\"\n\n<p>Peut-on faire confiance \\u00e0 une IA\\u00a0?<br \\\/>Quand les \\u00e9motions s\\u2019en m\\u00ealent<br \\\/>Les liens humains dans un monde technologique<\\\/p>\",\"meta\":\"3.\",\"title\":\"R\\u00e9fl\\u00e9chir \\u00e0 notre rapport humain \\u00e0 la technologie\"}},{\"type\":\"grid_item\",\"props\":{\"content\":\"\n\n<p>Les m\\u00e9tiers de demain<br \\\/>Apprendre \\u00e0 bien utiliser l\\u2019IA<br \\\/>L\\u2019art de poser les bonnes questions (prompt)<br \\\/>D\\u00e9bat et ateliers cr\\u00e9atifs<\\\/p>\",\"meta\":\"4.\",\"title\":\"Se projeter dans l\\u2019avenir et apprendre \\u00e0 agir\"}}]}]}]}],\"name\":\"4 parties\"},{\"type\":\"section\",\"props\":{\"css\":\".el-section > * { position: static; }\",\"image_position\":\"center-center\",\"padding\":\"large\",\"padding_remove_bottom\":false,\"padding_remove_top\":false,\"style\":\"default\",\"title_breakpoint\":\"xl\",\"title_position\":\"top-left\",\"title_rotation\":\"left\",\"vertical_align\":\"\",\"width\":\"\",\"width_expand\":\"left\"},\"children\":[{\"type\":\"row\",\"props\":{\"margin\":\"remove-vertical\"},\"children\":[{\"type\":\"column\",\"props\":{\"image_position\":\"center-center\",\"position_sticky_breakpoint\":\"m\"},\"children\":[{\"type\":\"image\",\"props\":{\"image\":\"wp-content\\\/uploads\\\/line-15.svg\",\"image_svg_animate\":true,\"image_svg_color\":\"emphasis\",\"image_svg_inline\":true,\"image_width\":\"370\",\"margin\":\"default\",\"position\":\"absolute\",\"position_right\":\"0\",\"position_top\":\"550\",\"position_z_index\":\"0\",\"status\":\"disabled\",\"text_align\":\"right\",\"visibility\":\"l\"}}]}]},{\"type\":\"row\",\"props\":{\"column_gap\":\"large\",\"layout\":\"2-3,1-3\",\"margin\":\"xlarge\",\"margin_remove_top\":true,\"padding_remove_horizontal\":false,\"width\":\"small\",\"width_expand\":\"left\"},\"children\":[{\"type\":\"column\",\"props\":{\"image_position\":\"center-center\",\"padding\":\"none\",\"position_sticky_breakpoint\":\"m\",\"width_medium\":\"2-3\"},\"children\":[{\"type\":\"image\",\"props\":{\"container_padding_remove\":true,\"css\":\"@media (max-width: 959px) {\\n    \\n    .el-element.uk-container-item-padding-remove-left {\\n        width: 100%;\\n        margin-left: 0;\\n    }\\n    \\n}\",\"image\":\"wp-content\\\/uploads\\\/2025\\\/09\\\/unmondemerveilleux_photo3.jpg\",\"image_svg_color\":\"emphasis\",\"image_width\":\"1030\",\"margin\":\"default\"}}]},{\"type\":\"column\",\"props\":{\"image_position\":\"center-center\",\"position_sticky_breakpoint\":\"m\",\"vertical_align\":\"middle\",\"width_medium\":\"1-3\"},\"children\":[{\"type\":\"headline\",\"props\":{\"block_align\":\"right\",\"content\":\"\n\n<p>Chaque partie combine\\u202f:<\\\/p>\",\"title_element\":\"h2\",\"title_style\":\"h1\"}},{\"type\":\"text\",\"props\":{\"column_breakpoint\":\"m\",\"content\":\"\n\n<ul>\\n\n\n<li>des <strong>informations pr\\u00e9cises<\\\/strong>, pour alimenter la r\\u00e9flexion et la discussion,<\\\/li>\\n\n\n<li>des <strong>activit\\u00e9s p\\u00e9dagogiques concr\\u00e8tes<\\\/strong>, \\u00e0 adapter selon le temps disponible,<\\\/li>\\n\n\n<li>des <strong>passerelles avec le film<\\\/strong>, pour ancrer les d\\u00e9bats dans une exp\\u00e9rience commune.<\\\/li>\\n<\\\/ul>\",\"margin\":\"default\"}}]}]},{\"type\":\"row\",\"children\":[{\"type\":\"column\",\"props\":{\"image_position\":\"center-center\",\"position_sticky_breakpoint\":\"m\"},\"children\":[{\"type\":\"button\",\"props\":{\"grid_column_gap\":\"small\",\"grid_row_gap\":\"small\",\"margin\":\"default\",\"text_align\":\"center\"},\"children\":[{\"type\":\"button_item\",\"props\":{\"button_style\":\"primary\",\"content\":\"Dossier p\\u00e9dagogique - Intro\",\"dialog_layout\":\"modal\",\"dialog_offcanvas_flip\":true,\"icon_align\":\"left\",\"link\":\"https:\\\/\\\/seancesscolaires.be\\\/unmondemerveilleux\\\/wp-content\\\/uploads\\\/2025\\\/09\\\/unmondemerveilleux_dossier-introduction_One-pager.pdf\",\"link_target\":\"blank\"}}]}]}]}],\"name\":\"Infos + Bouton\"},{\"type\":\"section\",\"props\":{\"id\":\"seance-prof\",\"image_position\":\"center-center\",\"style\":\"primary\",\"title_breakpoint\":\"xl\",\"title_position\":\"top-left\",\"title_rotation\":\"left\",\"vertical_align\":\"middle\",\"width\":\"small\"},\"children\":[{\"type\":\"row\",\"children\":[{\"type\":\"column\",\"props\":{\"image_position\":\"center-center\",\"position_sticky_breakpoint\":\"m\"},\"children\":[{\"type\":\"headline\",\"props\":{\"content\":\"Visionnez le film avant de r\\u00e9server vos s\\u00e9ances scolaires\",\"title_element\":\"h1\"}},{\"type\":\"text\",\"props\":{\"column_breakpoint\":\"m\",\"content\":\"\n\n<p>Si vous souhaitez visionner le film <strong>Un monde merveilleux<\\\/strong> avant de confirmer la r\\u00e9servation de votre (vos) s\\u00e9ance(s) scolaire(s), il vous suffit de faire la demande ci-dessous. Une invitation cin\\u00e9ma vous sera alors envoy\\u00e9e pour assister \\u00e0 une projection dans le cin\\u00e9ma, \\u00e0 la date et \\u00e0 la s\\u00e9ance de votre choix.<\\\/p>\",\"margin\":\"default\"}},{\"type\":\"text\",\"props\":{\"column_breakpoint\":\"m\",\"content\":\"\n\n<p>[wpforms id=\\\"2325\\\"]<\\\/p>\",\"margin\":\"default\"}}]}]}],\"name\":\"Inscription s\\u00e9ance gratuite\"}],\"version\":\"4.5.29\"} --><\/p>\n","protected":false},"excerpt":{"rendered":"<p>Dossier p\u00e9dagogique L\u2019intelligence artificielle fait d\u00e9sormais partie de notre quotidien. Que ce soit pour chercher une information, cr\u00e9er une image, corriger un texte ou nous sugg\u00e9rer une vid\u00e9o, elle influence d\u00e9j\u00e0 la mani\u00e8re dont nous vivons, apprenons et interagissons. Et cette influence ne fera que grandir dans les ann\u00e9es \u00e0 venir. Afin de prolonger la [&hellip;]<\/p>\n","protected":false},"author":1,"featured_media":0,"parent":0,"menu_order":9,"comment_status":"open","ping_status":"closed","template":"","meta":{"_acf_changed":false,"footnotes":""},"class_list":["post-20","page","type-page","status-publish","hentry"],"acf":[],"_links":{"self":[{"href":"https:\/\/seancesscolaires.be\/unmondemerveilleux\/wp-json\/wp\/v2\/pages\/20","targetHints":{"allow":["GET"]}}],"collection":[{"href":"https:\/\/seancesscolaires.be\/unmondemerveilleux\/wp-json\/wp\/v2\/pages"}],"about":[{"href":"https:\/\/seancesscolaires.be\/unmondemerveilleux\/wp-json\/wp\/v2\/types\/page"}],"author":[{"embeddable":true,"href":"https:\/\/seancesscolaires.be\/unmondemerveilleux\/wp-json\/wp\/v2\/users\/1"}],"replies":[{"embeddable":true,"href":"https:\/\/seancesscolaires.be\/unmondemerveilleux\/wp-json\/wp\/v2\/comments?post=20"}],"version-history":[{"count":79,"href":"https:\/\/seancesscolaires.be\/unmondemerveilleux\/wp-json\/wp\/v2\/pages\/20\/revisions"}],"predecessor-version":[{"id":2888,"href":"https:\/\/seancesscolaires.be\/unmondemerveilleux\/wp-json\/wp\/v2\/pages\/20\/revisions\/2888"}],"wp:attachment":[{"href":"https:\/\/seancesscolaires.be\/unmondemerveilleux\/wp-json\/wp\/v2\/media?parent=20"}],"curies":[{"name":"wp","href":"https:\/\/api.w.org\/{rel}","templated":true}]}}