{"id":19,"date":"2021-08-03T11:32:51","date_gmt":"2021-08-03T11:32:51","guid":{"rendered":"http:\/\/www.tkt-seancesscolaires.be\/?p=19"},"modified":"2025-10-28T12:22:02","modified_gmt":"2025-10-28T12:22:02","slug":"seances-scolaires","status":"publish","type":"page","link":"https:\/\/seancesscolaires.be\/unmondemerveilleux\/seances-scolaires\/","title":{"rendered":"S\u00e9ances scolaires"},"content":{"rendered":"<p><img decoding=\"async\" src=\"\/unmondemerveilleux\/wp-content\/uploads\/line-12.svg\" alt=\"\"><\/p>\n<h1>R\u00e9servez <br class=\"uk-visible@s\">votre s\u00e9ance<\/h1>\n<div>Choisissez la date et le cin\u00e9ma,<br class=\"uk-visible@m\"> votre r\u00e9servation sera valid\u00e9e par retour de mail.<\/div>\n<ul>\n<li>\n<p>\n        <a href=\"https:\/\/seancesscolaires.be\/unmondemerveilleux\/wp-content\/uploads\/2025\/09\/unmondemerveilleux_dossier-introduction_One-pager.pdf\">Dossier p\u00e9dagogique &#8211; Intro<\/a>\n    <\/p>\n<\/li>\n<li>\n<p>\n        <a href=\"\/unmondemerveilleux\/dossier-pedagogique\/#seance-prof\">Visionnez le film avant de r\u00e9server vos s\u00e9ances scolaires<\/a>\n    <\/p>\n<\/li>\n<\/ul>\n<p><video src=\"\/unmondemerveilleux\/wp-content\/uploads\/2025\/09\/unmondemerveilleux_motdurealisateur.mp4\" poster=\"\/unmondemerveilleux\/wp-content\/uploads\/2025\/09\/unmondemerveilleux_cadrevideo_black.jpg\"><\/video><\/p>\n<div><style id=\"wpforms-css-vars-2284\">\n\t\t\t\t#wpforms-2284 {\n\t\t\t\t--wpforms-field-size-input-height: 43px;\n--wpforms-field-size-input-spacing: 15px;\n--wpforms-field-size-font-size: 16px;\n--wpforms-field-size-line-height: 19px;\n--wpforms-field-size-padding-h: 14px;\n--wpforms-field-size-checkbox-size: 16px;\n--wpforms-field-size-sublabel-spacing: 5px;\n--wpforms-field-size-icon-size: 1;\n--wpforms-label-size-font-size: 16px;\n--wpforms-label-size-line-height: 19px;\n--wpforms-label-size-sublabel-font-size: 14px;\n--wpforms-label-size-sublabel-line-height: 17px;\n--wpforms-button-size-font-size: 17px;\n--wpforms-button-size-height: 41px;\n--wpforms-button-size-padding-h: 15px;\n--wpforms-button-size-margin-top: 10px;\n--wpforms-container-shadow-size-box-shadow: none;\n\t\t\t}\n\t\t\t<\/style><div class=\"wpforms-container wpforms-container-full wpforms-render-modern\" id=\"wpforms-2284\"><form id=\"wpforms-form-2284\" class=\"wpforms-validate wpforms-form wpforms-ajax-form\" data-formid=\"2284\" method=\"post\" enctype=\"multipart\/form-data\" action=\"\/unmondemerveilleux\/wp-json\/wp\/v2\/pages\/19\" data-token=\"52048ab070c55fc5588fb049bfc804aa\" data-token-time=\"1776409524\"><noscript class=\"wpforms-error-noscript\">Veuillez activer JavaScript dans votre navigateur pour remplir ce formulaire.<\/noscript><div id=\"wpforms-error-noscript\" style=\"display: none;\">Veuillez activer JavaScript dans votre navigateur pour remplir ce formulaire.<\/div><div class=\"wpforms-field-container\"><div id=\"wpforms-2284-field_9-container\" class=\"wpforms-field wpforms-field-text\" data-field-id=\"9\"><label class=\"wpforms-field-label\" for=\"wpforms-2284-field_9\">Nom de l&#039;\u00e9cole <span class=\"wpforms-required-label\" aria-hidden=\"true\">*<\/span><\/label><input type=\"text\" id=\"wpforms-2284-field_9\" class=\"wpforms-field-medium wpforms-field-required\" name=\"wpforms[fields][9]\" aria-errormessage=\"wpforms-2284-field_9-error\" required><\/div><div id=\"wpforms-2284-field_1-container\" class=\"wpforms-field wpforms-field-name\" data-field-id=\"1\"><fieldset><legend class=\"wpforms-field-label\">Coordonn\u00e9es du responsable <span class=\"wpforms-required-label\" aria-hidden=\"true\">*<\/span><\/legend><div class=\"wpforms-field-row wpforms-field-medium\"><div class=\"wpforms-field-row-block wpforms-first wpforms-one-half\"><input type=\"text\" id=\"wpforms-2284-field_1\" class=\"wpforms-field-name-first wpforms-field-required\" name=\"wpforms[fields][1][first]\" aria-errormessage=\"wpforms-2284-field_1-error\" required><label for=\"wpforms-2284-field_1\" class=\"wpforms-field-sublabel after\">Pr\u00e9nom<\/label><\/div><div class=\"wpforms-field-row-block wpforms-one-half\"><input type=\"text\" id=\"wpforms-2284-field_1-last\" class=\"wpforms-field-name-last wpforms-field-required\" name=\"wpforms[fields][1][last]\" aria-errormessage=\"wpforms-2284-field_1-last-error\" required><label for=\"wpforms-2284-field_1-last\" class=\"wpforms-field-sublabel after\">Nom<\/label><\/div><\/div><\/fieldset><\/div><div id=\"wpforms-2284-field_8-container\" class=\"wpforms-field wpforms-field-email\" data-field-id=\"8\"><label class=\"wpforms-field-label\" for=\"wpforms-2284-field_8\">Email <span class=\"wpforms-required-label\" aria-hidden=\"true\">*<\/span><\/label><input type=\"email\" id=\"wpforms-2284-field_8\" class=\"wpforms-field-medium wpforms-field-required\" name=\"wpforms[fields][8]\" spellcheck=\"false\" aria-errormessage=\"wpforms-2284-field_8-error\" required><\/div><div id=\"wpforms-2284-field_14-container\" class=\"wpforms-field wpforms-field-text\" data-field-id=\"14\"><label class=\"wpforms-field-label\" for=\"wpforms-2284-field_14\">Choix du cin\u00e9ma  <span class=\"wpforms-required-label\" aria-hidden=\"true\">*<\/span><\/label><input type=\"text\" id=\"wpforms-2284-field_14\" class=\"wpforms-field-medium wpforms-field-required\" name=\"wpforms[fields][14]\" aria-errormessage=\"wpforms-2284-field_14-error\" required><\/div><div id=\"wpforms-2284-field_11-container\" class=\"wpforms-field wpforms-field-date-time\" data-field-id=\"11\"><label class=\"wpforms-field-label\" for=\"wpforms-2284-field_11\">Date  <span class=\"wpforms-required-label\" aria-hidden=\"true\">*<\/span><\/label><div class=\"wpforms-datepicker-wrap\"><input type=\"text\" id=\"wpforms-2284-field_11\" class=\"wpforms-field-date-time-date wpforms-datepicker wpforms-field-required wpforms-field-medium\" data-date-format=\"d\/m\/Y\" data-disable-past-dates=\"1\" data-disable-todays-date=\"0\" data-input=\"true\" name=\"wpforms[fields][11][date]\" aria-errormessage=\"wpforms-2284-field_11-error\" required><a title=\"Effacer la date\" data-clear role=\"button\" tabindex=\"0\" class=\"wpforms-datepicker-clear\" aria-label=\"Effacer la date\" style=\"display:none;\"><\/a><\/div><\/div><div id=\"wpforms-2284-field_13-container\" class=\"wpforms-field wpforms-field-number\" data-field-id=\"13\"><label class=\"wpforms-field-label\" for=\"wpforms-2284-field_13\">Nombre d&#039;\u00e9l\u00e8ves <span class=\"wpforms-required-label\" aria-hidden=\"true\">*<\/span><\/label><input type=\"number\" id=\"wpforms-2284-field_13\" class=\"wpforms-field-medium wpforms-field-required\" name=\"wpforms[fields][13]\" step=\"any\" aria-errormessage=\"wpforms-2284-field_13-error\" required><\/div>\t\t<div id=\"wpforms-2284-field_2-container\"\n\t\t\tclass=\"wpforms-field wpforms-field-text\"\n\t\t\tdata-field-type=\"text\"\n\t\t\tdata-field-id=\"2\"\n\t\t\t>\n\t\t\t<label class=\"wpforms-field-label\" for=\"wpforms-2284-field_2\" >commentaire ou Choix<\/label>\n\t\t\t<input type=\"text\" id=\"wpforms-2284-field_2\" class=\"wpforms-field-medium\" name=\"wpforms[fields][2]\" >\n\t\t<\/div>\n\t\t<div id=\"wpforms-2284-field_7-container\" class=\"wpforms-field wpforms-field-textarea\" data-field-id=\"7\"><label class=\"wpforms-field-label\" for=\"wpforms-2284-field_7\">Question ou commentaire<\/label><textarea id=\"wpforms-2284-field_7\" class=\"wpforms-field-medium\" name=\"wpforms[fields][7]\" aria-errormessage=\"wpforms-2284-field_7-error\" ><\/textarea><\/div><script>\n\t\t\t\t( function() {\n\t\t\t\t\tconst style = document.createElement( 'style' );\n\t\t\t\t\tstyle.appendChild( document.createTextNode( '#wpforms-2284-field_2-container { position: absolute !important; overflow: hidden !important; display: inline !important; height: 1px !important; width: 1px !important; z-index: -1000 !important; padding: 0 !important; } #wpforms-2284-field_2-container input { visibility: hidden; } #wpforms-conversational-form-page #wpforms-2284-field_2-container label { counter-increment: none; }' ) );\n\t\t\t\t\tdocument.head.appendChild( style );\n\t\t\t\t\tdocument.currentScript?.remove();\n\t\t\t\t} )();\n\t\t\t<\/script><\/div><!-- .wpforms-field-container --><div class=\"wpforms-submit-container\" ><input type=\"hidden\" name=\"wpforms[id]\" value=\"2284\"><input type=\"hidden\" name=\"page_title\" value=\"\"><input type=\"hidden\" name=\"page_url\" value=\"https:\/\/seancesscolaires.be\/unmondemerveilleux\/wp-json\/wp\/v2\/pages\/19\"><input type=\"hidden\" name=\"url_referer\" value=\"\"><button type=\"submit\" name=\"wpforms[submit]\" id=\"wpforms-submit-2284\" class=\"wpforms-submit el-content uk-button uk-button-default\" data-alt-text=\"En cours d&#039;envoi ...\" data-submit-text=\"Envoyer\" aria-live=\"assertive\" value=\"wpforms-submit\">Envoyer<\/button><img loading=\"lazy\" decoding=\"async\" src=\"https:\/\/seancesscolaires.be\/unmondemerveilleux\/wp-content\/plugins\/wpforms\/assets\/images\/submit-spin.svg\" class=\"wpforms-submit-spinner\" style=\"display: none;\" width=\"26\" height=\"26\" alt=\"Chargement en cours\"><\/div><\/form><\/div>  <!-- .wpforms-container --><\/div>\n<p><!--more--><br \/>\n<!-- {\"type\":\"layout\",\"children\":[{\"type\":\"section\",\"props\":{\"class\":\"uk-position-relative\",\"header_transparent\":true,\"header_transparent_noplaceholder\":false,\"header_transparent_text_color\":\"dark\",\"image_position\":\"center-center\",\"padding\":\"large\",\"padding_remove_bottom\":false,\"style\":\"primary\",\"title_breakpoint\":\"xl\",\"title_position\":\"top-left\",\"title_rotation\":\"left\",\"vertical_align\":\"\",\"width\":\"\"},\"children\":[{\"type\":\"row\",\"props\":{\"margin\":\"remove-vertical\"},\"children\":[{\"type\":\"column\",\"props\":{\"css\":\".el-column > * { position: static; }\",\"image_position\":\"center-center\",\"position_sticky_breakpoint\":\"m\"},\"children\":[{\"type\":\"image\",\"props\":{\"css\":\".el-image { max-width: 40vw; }\",\"image\":\"wp-content\\\/uploads\\\/line-12.svg\",\"image_height\":\"630\",\"image_svg_animate\":true,\"image_svg_color\":\"emphasis\",\"image_svg_inline\":true,\"image_width\":\"580\",\"margin\":\"default\",\"position\":\"absolute\",\"position_left\":\"0\",\"position_top\":\"0\",\"position_z_index\":\"0\",\"visibility\":\"s\"}}]}]},{\"type\":\"row\",\"props\":{\"margin\":\"remove-vertical\",\"margin_remove_top\":false,\"width\":\"default\"},\"children\":[{\"type\":\"column\",\"props\":{\"image_position\":\"center-center\",\"position_sticky_breakpoint\":\"m\"},\"children\":[{\"type\":\"headline\",\"props\":{\"content\":\"R\\u00e9servez <br class=\\\"uk-visible@s\\\">votre s\\u00e9ance\",\"position\":\"relative\",\"position_z_index\":\"1\",\"text_align\":\"center\",\"title_element\":\"h1\",\"title_style\":\"heading-xlarge\"}},{\"type\":\"text\",\"props\":{\"block_align\":\"center\",\"column_breakpoint\":\"m\",\"content\":\"Choisissez la date et le cin\\u00e9ma,<br class=\\\"uk-visible@m\\\"> votre r\\u00e9servation sera valid\\u00e9e par retour de mail.\",\"css\":\".el-element.uk-width-xlarge { width: 520px; }\",\"margin\":\"default\",\"maxwidth\":\"xlarge\",\"text_align\":\"center\"}}]}]},{\"type\":\"row\",\"children\":[{\"type\":\"column\",\"props\":{\"image_position\":\"center-center\",\"position_sticky_breakpoint\":\"m\"},\"children\":[{\"type\":\"button\",\"props\":{\"grid_column_gap\":\"small\",\"grid_row_gap\":\"small\",\"margin\":\"medium\",\"margin_remove_bottom\":false,\"position\":\"relative\",\"position_z_index\":\"1\",\"text_align\":\"center\"},\"children\":[{\"type\":\"button_item\",\"props\":{\"button_style\":\"default\",\"content\":\"Dossier p\\u00e9dagogique - Intro\",\"dialog_layout\":\"modal\",\"dialog_offcanvas_flip\":true,\"icon\":\"\",\"icon_align\":\"left\",\"link\":\"https:\\\/\\\/seancesscolaires.be\\\/unmondemerveilleux\\\/wp-content\\\/uploads\\\/2025\\\/09\\\/unmondemerveilleux_dossier-introduction_One-pager.pdf\",\"link_target\":\"blank\"}},{\"type\":\"button_item\",\"props\":{\"button_style\":\"default\",\"content\":\"Visionnez le film avant de r\\u00e9server vos s\\u00e9ances scolaires\",\"dialog_layout\":\"modal\",\"dialog_offcanvas_flip\":true,\"icon_align\":\"left\",\"link\":\"dossier-pedagogique\\\/#seance-prof\"}}]}]}]},{\"type\":\"row\",\"props\":{\"margin_remove_bottom\":true,\"width\":\"large\"},\"children\":[{\"type\":\"column\",\"props\":{\"image_position\":\"center-center\",\"position_sticky_breakpoint\":\"m\"},\"children\":[{\"type\":\"video\",\"props\":{\"block_align\":\"center\",\"margin\":\"default\",\"maxwidth\":\"2xlarge\",\"video\":\"wp-content\\\/uploads\\\/2025\\\/09\\\/unmondemerveilleux_motdurealisateur.mp4\",\"video_controls\":true,\"video_poster\":\"wp-content\\\/uploads\\\/2025\\\/09\\\/unmondemerveilleux_cadrevideo_black.jpg\"}}]}]}],\"name\":\"Posts\"},{\"type\":\"section\",\"props\":{\"image_position\":\"center-center\",\"style\":\"default\",\"title_breakpoint\":\"xl\",\"title_position\":\"top-left\",\"title_rotation\":\"left\",\"vertical_align\":\"middle\",\"width\":\"default\"},\"children\":[{\"type\":\"row\",\"children\":[{\"type\":\"column\",\"props\":{\"image_position\":\"center-center\",\"position_sticky_breakpoint\":\"m\",\"style\":\"card-primary\"},\"children\":[{\"type\":\"text\",\"props\":{\"column_breakpoint\":\"m\",\"content\":\"[wpforms id=\\\"2284\\\"]\",\"margin\":\"default\",\"text_align\":\"left\"}}]}],\"props\":{\"alignment\":\"center\",\"width\":\"large\"}}]}],\"version\":\"4.5.29\"} --><\/p>\n","protected":false},"excerpt":{"rendered":"<p>R\u00e9servez votre s\u00e9ance Choisissez la date et le cin\u00e9ma, votre r\u00e9servation sera valid\u00e9e par retour de mail. Dossier p\u00e9dagogique &#8211; Intro Visionnez le film avant de r\u00e9server vos s\u00e9ances scolaires<\/p>\n","protected":false},"author":1,"featured_media":0,"parent":0,"menu_order":10,"comment_status":"open","ping_status":"closed","template":"","meta":{"_acf_changed":false,"footnotes":""},"class_list":["post-19","page","type-page","status-publish","hentry"],"acf":[],"_links":{"self":[{"href":"https:\/\/seancesscolaires.be\/unmondemerveilleux\/wp-json\/wp\/v2\/pages\/19","targetHints":{"allow":["GET"]}}],"collection":[{"href":"https:\/\/seancesscolaires.be\/unmondemerveilleux\/wp-json\/wp\/v2\/pages"}],"about":[{"href":"https:\/\/seancesscolaires.be\/unmondemerveilleux\/wp-json\/wp\/v2\/types\/page"}],"author":[{"embeddable":true,"href":"https:\/\/seancesscolaires.be\/unmondemerveilleux\/wp-json\/wp\/v2\/users\/1"}],"replies":[{"embeddable":true,"href":"https:\/\/seancesscolaires.be\/unmondemerveilleux\/wp-json\/wp\/v2\/comments?post=19"}],"version-history":[{"count":44,"href":"https:\/\/seancesscolaires.be\/unmondemerveilleux\/wp-json\/wp\/v2\/pages\/19\/revisions"}],"predecessor-version":[{"id":2887,"href":"https:\/\/seancesscolaires.be\/unmondemerveilleux\/wp-json\/wp\/v2\/pages\/19\/revisions\/2887"}],"wp:attachment":[{"href":"https:\/\/seancesscolaires.be\/unmondemerveilleux\/wp-json\/wp\/v2\/media?parent=19"}],"curies":[{"name":"wp","href":"https:\/\/api.w.org\/{rel}","templated":true}]}}